{"id":27415,"date":"2016-09-22T15:05:09","date_gmt":"2016-09-22T19:05:09","guid":{"rendered":"https:\/\/obstetricia.uv.cl\/inicio\/?page_id=27415"},"modified":"2023-11-27T10:19:40","modified_gmt":"2023-11-27T13:19:40","slug":"innovacion-curricular","status":"publish","type":"page","link":"https:\/\/obstetricia.uv.cl\/inicio\/index.php\/innovacion-curricular\/","title":{"rendered":"Innovaci\u00f3n Curricular"},"content":{"rendered":"<p><img decoding=\"async\" src=\"https:\/\/i0.wp.com\/obstetricia.uv.cl\/inicio\/wp-content\/uploads\/2016\/09\/InnovacionCurricular_W.png?w=570&#038;ssl=1\" alt=\"\"><\/p>\n<h1>\u00bfQu\u00e9 es el Comit\u00e9 Curricular Permanente?<\/h1>\n<div><span>Es la unidad encargada al interior de la escuela que recoge la opini\u00f3n de diversas fuentes tales como empleadores, egresados, estudiantes, colegio gremial entre otros; para ofrecer una malla curricular moderna, flexible, orientada por competencias cuyo perfil de egreso responde a las demandas formativas del profesional Matrona y Matr\u00f3n en diversos \u00e1mbitos de realizaci\u00f3n profesional.<\/span><\/p>\n<p>Este comit\u00e9 tambi\u00e9n realiza un seguimiento del plan de estudios a trav\u00e9s de las evaluaciones de los niveles de dominio para dar respuesta al plan de estudio declarado en concordancia con el plan estrat\u00e9gico de la escuela y el modelo educativo UV.<\/p>\n<p>Posterior al egreso de la primera cohorte en el a\u00f1o 2019 y una vez finalizada la contingencia sanitaria, en el a\u00f1o 2022 se inici\u00f3 el proceso de actualizaci\u00f3n del perfil de egreso considerando los desaf\u00edos socioculturales y aspectos de salud p\u00fablica a nivel nacional, se realiz\u00f3 una nueva propuesta de perfil de egreso la que fue presentada al claustro acad\u00e9mico, empleadores y Alumni para su retroalimentaci\u00f3n y ajustes finales.<\/p>\n<p>Esta actualizaci\u00f3n macro curricular ser\u00e1 implementada a contar del a\u00f1o 2024.<\/p>\n<\/div>\n<h1>Perfil de Egreso del Titulado\/da:<\/h1>\n<div>La\/el titulada\/o de la carrera de Obstetricia y Puericultura de la Universidad de Valpara\u00edso, ser\u00e1 capaz de gerenciar, educar y proporcionar atenci\u00f3n integral de salud a la mujer durante todo su ciclo vital, su pareja, reci\u00e9n nacida\/o, familia, comunidad y hombres en el contexto de la salud sexual y reproductiva basada en una s\u00f3lida formaci\u00f3n cient\u00edfica, investigativa, humanista y \u00e9tico legal, con un enfoque biopsicosocial, incorporando la perspectiva de g\u00e9nero, siendo capaz de liderar y trabajar en equipos multidisciplinarios, con actitud proactiva frente a las necesidades humanas, a trav\u00e9s de acciones de fomento, promoci\u00f3n, prevenci\u00f3n, recuperaci\u00f3n y rehabilitaci\u00f3n, en las \u00e1reas de salud sexual, salud reproductiva, salud ginecol\u00f3gica, salud fetal, salud neonatal, salud familiar y salud comunitaria.<\/p>\n<\/div>\n<h1>Competencias espec\u00edficas asociadas al t\u00edtulo de Matrona\/Matr\u00f3n:<\/h1>\n<div>\n<p><strong>CE1.<\/strong> Maneja conocimientos y procedimientos para otorgar una atenci\u00f3n integral y de calidad en salud sexual, ginecol\u00f3gica, reproductiva de la mujer, el hombre y su entorno familiar, desempe\u00f1\u00e1ndose eficazmente en equipos multidisciplinarios, en los distintos niveles de atenci\u00f3n en salud, tanto p\u00fablicos como privados.<\/p>\n<p><strong>CE2.<\/strong> Maneja conocimientos y procedimientos para dar una atenci\u00f3n de calidad al neonato y su familia, en relaci\u00f3n con las necesidades observadas, presentando un accionar \u00e9tico, humanizado, centrado en la persona, en los distintos niveles de atenci\u00f3n en salud, tanto p\u00fablicos como privados.<\/p>\n<p><strong>CE3.<\/strong> Integra conocimientos, procedimientos y del mismo modo estrategias de promoci\u00f3n, prevenci\u00f3n e intervenci\u00f3n en salud desde las \u00e1reas de ginecolog\u00eda, salud sexual y reproductiva, salud familiar y comunitaria para brindar una atenci\u00f3n integral de calidad a la mujer, hombre y pareja, participando y liderando activamente equipos de trabajo multidisciplinarios, aplicando metodolog\u00edas educativas en los distintos \u00e1mbitos de la atenci\u00f3n primaria<\/p>\n<p><strong> CE4.<\/strong> Integra los conocimientos y procedimientos de gesti\u00f3n propios de la disciplina, que le permiten un desempe\u00f1o profesional de calidad, formando parte activa de equipos multidisciplinarios, asumiendo liderazgo a trav\u00e9s de la comunicaci\u00f3n efectiva en las <br \/>distintas organizaciones de salud en el \u00e1mbito p\u00fablico y privado.<\/p>\n<\/div>\n<h1>Perfil de Egreso del Licenciado\/da:<\/h1>\n<div>\n<p>La\/el Licenciada\/o de la carrera de Obstetricia y Puericultura de la Universidad de Valpara\u00edso, se encuentra habilitada\/o para desempe\u00f1arse en el \u00e1rea de educaci\u00f3n en salud e integrar equipos de investigaci\u00f3n multidisciplinarios contribuyendo al desarrollo de la sociedad; asimismo podr\u00e1 acceder a la formaci\u00f3n acad\u00e9mica continua.<\/p>\n<\/div>\n<h1>Competencias espec\u00edficas asociadas al grado acad\u00e9mico del licenciado\/da en Obstetricia y Puericultura:<\/h1>\n<div>\n<p><strong>CE5.<\/strong> Integra los conocimientos que le permiten construir, ejecutar y evaluar procesos y programas educativos e intervenciones comunitarias, con enfoque intercultural, en el \u00e1rea de la salud de las personas, familia y la comunidad, demostrando capacidad de trabajo en equipo, sentido de ciudadan\u00eda y vocaci\u00f3n de servicio p\u00fablico.<\/p>\n<p><strong>CE6.<\/strong> Maneja los conocimientos y procedimientos propios del m\u00e9todo cient\u00edfico, que le permiten desarrollar procesos educativos e intervenciones comunitarias en el \u00e1rea de la salud de las personas, familia y la comunidad, para el dise\u00f1o, aplicaci\u00f3n y evaluaci\u00f3n de programas educativos e interculturales, como tambi\u00e9n participar en equipos de investigaci\u00f3n y articular la continuidad de estudios aportando desde la propia disciplina un pensamiento cr\u00edtico y reflexivo frente a los problemas de salud p\u00fablica que emergen relacionados al \u00e1mbito disciplinar.\u00a0<\/p>\n<\/div>\n<h1>Competencias Gen\u00e9ricas sello UV:<\/h1>\n<div>\n<p><em><strong>Excelencia acad\u00e9mica &#8211; \u00c9nfasis en el desarrollo de la investigaci\u00f3n:<\/strong><\/em><br \/>Mejora continuamente sus habilidades profesionales y de investigaci\u00f3n a partir de un aprendizaje autorregulado y con pensamiento cr\u00edtico, lo que le permite generar soluciones innovadoras pertinentes seg\u00fan sus contextos de desempe\u00f1o.<\/p>\n<p><em><strong>Interdisciplinariedad &#8211; Valoraci\u00f3n de las pr\u00e1cticas participativas:<\/strong><\/em> <br \/>Colabora en equipos multidisciplinarios asumiendo diversos roles, liderando tareas y soluciones en entornos complejos en pos de un objetivo com\u00fan.<\/p>\n<p><em><strong>Sentido de lo p\u00fablico:<\/strong><\/em><br \/>Act\u00faa en forma \u00e9tica, demostrando un comportamiento inclusivo y con responsabilidad ciudadana, desde un enfoque de g\u00e9nero y derechos humanos, respetuoso de la diversidad, para un desempe\u00f1o profesional de excelencia que considera el impacto sociocultural, econ\u00f3mico y medioambiental<\/p>\n<p><strong><em>Perspectiva internacional:<\/em><\/strong><br \/>Maneja habilidades comunicativas orales, escritas e interpersonales, para el desempe\u00f1o eficaz en contextos laborales nacionales e internacionales<\/p>\n<\/div>\n<h1>Plan Curricular 2024<\/h1>\n<p><img decoding=\"async\" src=\"\/inicio\/wp-content\/uploads\/2023\/10\/MallaOyP2023.png\" alt=\"\"><\/p>\n<h1>REXE 3946\/2023<\/h1>\n<p>    <a href=\"\/inicio\/wp-content\/uploads\/2023\/11\/Rexe-003946-23-Aprueba-Plan-de-Estudios-de-la-Carrera-de-Obstetricia-y-Puericultura.pdf\">DESCARGAR REXE QUE APRUEBA EL NUEVO PLAN DE ESTUDIOS<\/a><\/p>\n<p><!--more--><br \/>\n<!-- {\"type\":\"layout\",\"children\":[{\"type\":\"section\",\"props\":{\"style\":\"default\",\"width\":\"default\",\"vertical_align\":\"middle\",\"title_position\":\"top-left\",\"title_rotation\":\"left\",\"title_breakpoint\":\"xl\",\"image_position\":\"center-center\",\"padding_remove_bottom\":true,\"padding_remove_top\":false},\"children\":[{\"type\":\"row\",\"props\":{\"row_gap\":\"small\"},\"children\":[{\"type\":\"column\",\"props\":{\"position_sticky_breakpoint\":\"m\",\"image_position\":\"center-center\",\"media_overlay_gradient\":\"\",\"width_medium\":\"\",\"style\":\"secondary\",\"vertical_align\":\"middle\"},\"children\":[{\"type\":\"image\",\"props\":{\"margin\":\"default\",\"image_svg_color\":\"emphasis\",\"image\":\"https:\\\/\\\/i0.wp.com\\\/obstetricia.uv.cl\\\/inicio\\\/wp-content\\\/uploads\\\/2016\\\/09\\\/InnovacionCurricular_W.png?w=570&ssl=1\",\"text_align\":\"center\",\"image_width\":\"30%\"}}]}]}]},{\"type\":\"section\",\"props\":{\"style\":\"default\",\"width\":\"default\",\"vertical_align\":\"middle\",\"title_position\":\"top-left\",\"title_rotation\":\"left\",\"title_breakpoint\":\"xl\",\"image_position\":\"center-center\",\"padding_remove_top\":true,\"padding_remove_bottom\":true},\"children\":[{\"type\":\"row\",\"props\":{\"margin_remove_bottom\":true},\"children\":[{\"type\":\"column\",\"props\":{\"position_sticky_breakpoint\":\"m\",\"image_position\":\"center-center\",\"media_overlay_gradient\":\"\"},\"children\":[{\"type\":\"headline\",\"props\":{\"title_element\":\"h1\",\"content\":\"\\u00bfQu\\u00e9 es el Comit\\u00e9 Curricular Permanente?\",\"title_style\":\"heading-medium\",\"title_color\":\"background\"}},{\"type\":\"text\",\"props\":{\"margin\":\"default\",\"column_breakpoint\":\"m\",\"content\":\"\n\n<p><span>Es la unidad encargada al interior de la escuela que recoge la opini\\u00f3n de diversas fuentes tales como empleadores, egresados, estudiantes, colegio gremial entre otros; para ofrecer una malla curricular moderna, flexible, orientada por competencias cuyo perfil de egreso responde a las demandas formativas del profesional Matrona y Matr\\u00f3n en diversos \\u00e1mbitos de realizaci\\u00f3n profesional.<\\\/span><\\\/p>\\n\n\n<p>Este comit\\u00e9 tambi\\u00e9n realiza un seguimiento del plan de estudios a trav\\u00e9s de las evaluaciones de los niveles de dominio para dar respuesta al plan de estudio declarado en concordancia con el plan estrat\\u00e9gico de la escuela y el modelo educativo UV.<\\\/p>\\n\n\n<p>Posterior al egreso de la primera cohorte en el a\\u00f1o 2019 y una vez finalizada la contingencia sanitaria, en el a\\u00f1o 2022 se inici\\u00f3 el proceso de actualizaci\\u00f3n del perfil de egreso considerando los desaf\\u00edos socioculturales y aspectos de salud p\\u00fablica a nivel nacional, se realiz\\u00f3 una nueva propuesta de perfil de egreso la que fue presentada al claustro acad\\u00e9mico, empleadores y Alumni para su retroalimentaci\\u00f3n y ajustes finales.<\\\/p>\\n\n\n<p>Esta actualizaci\\u00f3n macro curricular ser\\u00e1 implementada a contar del a\\u00f1o 2024.<\\\/p>\\n\n\n<p><\\\/p>\",\"text_align\":\"justify\"}}]}]}]},{\"type\":\"section\",\"props\":{\"style\":\"primary\",\"width\":\"default\",\"vertical_align\":\"middle\",\"title_position\":\"top-left\",\"title_rotation\":\"left\",\"title_breakpoint\":\"xl\",\"image_position\":\"center-center\",\"padding_remove_top\":false,\"padding_remove_bottom\":false},\"children\":[{\"type\":\"row\",\"children\":[{\"type\":\"column\",\"props\":{\"position_sticky_breakpoint\":\"m\",\"image_position\":\"center-center\",\"media_overlay_gradient\":\"\"},\"children\":[{\"type\":\"headline\",\"props\":{\"title_element\":\"h1\",\"content\":\"Perfil de Egreso del Titulado\\\/da:\"}},{\"type\":\"text\",\"props\":{\"margin\":\"default\",\"column_breakpoint\":\"m\",\"content\":\"\n\n<p>La\\\/el titulada\\\/o de la carrera de Obstetricia y Puericultura de la Universidad de Valpara\\u00edso, ser\\u00e1 capaz de gerenciar, educar y proporcionar atenci\\u00f3n integral de salud a la mujer durante todo su ciclo vital, su pareja, reci\\u00e9n nacida\\\/o, familia, comunidad y hombres en el contexto de la salud sexual y reproductiva basada en una s\\u00f3lida formaci\\u00f3n cient\\u00edfica, investigativa, humanista y \\u00e9tico legal, con un enfoque biopsicosocial, incorporando la perspectiva de g\\u00e9nero, siendo capaz de liderar y trabajar en equipos multidisciplinarios, con actitud proactiva frente a las necesidades humanas, a trav\\u00e9s de acciones de fomento, promoci\\u00f3n, prevenci\\u00f3n, recuperaci\\u00f3n y rehabilitaci\\u00f3n, en las \\u00e1reas de salud sexual, salud reproductiva, salud ginecol\\u00f3gica, salud fetal, salud neonatal, salud familiar y salud comunitaria.<\\\/p>\",\"text_align\":\"justify\"}},{\"type\":\"headline\",\"props\":{\"title_element\":\"h1\",\"content\":\"Competencias espec\\u00edficas asociadas al t\\u00edtulo de Matrona\\\/Matr\\u00f3n:\"}},{\"type\":\"text\",\"props\":{\"margin\":\"default\",\"column_breakpoint\":\"m\",\"content\":\"\n\n<p><strong>CE1.<\\\/strong> Maneja conocimientos y procedimientos para otorgar una atenci\\u00f3n integral y de calidad en salud sexual, ginecol\\u00f3gica, reproductiva de la mujer, el hombre y su entorno familiar, desempe\\u00f1\\u00e1ndose eficazmente en equipos multidisciplinarios, en los distintos niveles de atenci\\u00f3n en salud, tanto p\\u00fablicos como privados.<\\\/p>\\n\n\n<p><strong>CE2.<\\\/strong> Maneja conocimientos y procedimientos para dar una atenci\\u00f3n de calidad al neonato y su familia, en relaci\\u00f3n con las necesidades observadas, presentando un accionar \\u00e9tico, humanizado, centrado en la persona, en los distintos niveles de atenci\\u00f3n en salud, tanto p\\u00fablicos como privados.<\\\/p>\\n\n\n<p><strong>CE3.<\\\/strong> Integra conocimientos, procedimientos y del mismo modo estrategias de promoci\\u00f3n, prevenci\\u00f3n e intervenci\\u00f3n en salud desde las \\u00e1reas de ginecolog\\u00eda, salud sexual y reproductiva, salud familiar y comunitaria para brindar una atenci\\u00f3n integral de calidad a la mujer, hombre y pareja, participando y liderando activamente equipos de trabajo multidisciplinarios, aplicando metodolog\\u00edas educativas en los distintos \\u00e1mbitos de la atenci\\u00f3n primaria<\\\/p>\\n\n\n<p><\\\/p>\\n\n\n<p><strong> CE4.<\\\/strong> Integra los conocimientos y procedimientos de gesti\\u00f3n propios de la disciplina, que le permiten un desempe\\u00f1o profesional de calidad, formando parte activa de equipos multidisciplinarios, asumiendo liderazgo a trav\\u00e9s de la comunicaci\\u00f3n efectiva en las <br \\\/>distintas organizaciones de salud en el \\u00e1mbito p\\u00fablico y privado.<\\\/p>\",\"text_align\":\"justify\"}}]}]}]},{\"type\":\"section\",\"props\":{\"style\":\"secondary\",\"width\":\"default\",\"vertical_align\":\"middle\",\"title_position\":\"top-left\",\"title_rotation\":\"left\",\"title_breakpoint\":\"xl\",\"image_position\":\"center-center\",\"padding_remove_top\":false,\"padding_remove_bottom\":false},\"children\":[{\"type\":\"row\",\"children\":[{\"type\":\"column\",\"props\":{\"position_sticky_breakpoint\":\"m\",\"image_position\":\"center-center\",\"media_overlay_gradient\":\"\"},\"children\":[{\"type\":\"headline\",\"props\":{\"title_element\":\"h1\",\"content\":\"Perfil de Egreso del Licenciado\\\/da:\"}},{\"type\":\"text\",\"props\":{\"margin\":\"default\",\"column_breakpoint\":\"m\",\"content\":\"\n\n<p>La\\\/el Licenciada\\\/o de la carrera de Obstetricia y Puericultura de la Universidad de Valpara\\u00edso, se encuentra habilitada\\\/o para desempe\\u00f1arse en el \\u00e1rea de educaci\\u00f3n en salud e integrar equipos de investigaci\\u00f3n multidisciplinarios contribuyendo al desarrollo de la sociedad; asimismo podr\\u00e1 acceder a la formaci\\u00f3n acad\\u00e9mica continua.<\\\/p>\",\"text_align\":\"justify\"}},{\"type\":\"headline\",\"props\":{\"title_element\":\"h1\",\"content\":\"Competencias espec\\u00edficas asociadas al grado acad\\u00e9mico del licenciado\\\/da en Obstetricia y Puericultura:\"}},{\"type\":\"text\",\"props\":{\"margin\":\"default\",\"column_breakpoint\":\"m\",\"content\":\"\n\n<p><strong>CE5.<\\\/strong> Integra los conocimientos que le permiten construir, ejecutar y evaluar procesos y programas educativos e intervenciones comunitarias, con enfoque intercultural, en el \\u00e1rea de la salud de las personas, familia y la comunidad, demostrando capacidad de trabajo en equipo, sentido de ciudadan\\u00eda y vocaci\\u00f3n de servicio p\\u00fablico.<\\\/p>\\n\n\n<p><strong>CE6.<\\\/strong> Maneja los conocimientos y procedimientos propios del m\\u00e9todo cient\\u00edfico, que le permiten desarrollar procesos educativos e intervenciones comunitarias en el \\u00e1rea de la salud de las personas, familia y la comunidad, para el dise\\u00f1o, aplicaci\\u00f3n y evaluaci\\u00f3n de programas educativos e interculturales, como tambi\\u00e9n participar en equipos de investigaci\\u00f3n y articular la continuidad de estudios aportando desde la propia disciplina un pensamiento cr\\u00edtico y reflexivo frente a los problemas de salud p\\u00fablica que emergen relacionados al \\u00e1mbito disciplinar.\\u00a0<\\\/p>\",\"text_align\":\"justify\"}}]}]}]},{\"type\":\"section\",\"props\":{\"style\":\"muted\",\"width\":\"default\",\"vertical_align\":\"middle\",\"title_position\":\"top-left\",\"title_rotation\":\"left\",\"title_breakpoint\":\"xl\",\"image_position\":\"center-center\",\"padding_remove_top\":false,\"padding_remove_bottom\":true},\"children\":[{\"type\":\"row\",\"children\":[{\"type\":\"column\",\"props\":{\"position_sticky_breakpoint\":\"m\",\"image_position\":\"center-center\",\"media_overlay_gradient\":\"\"},\"children\":[{\"type\":\"headline\",\"props\":{\"title_element\":\"h1\",\"content\":\"Competencias Gen\\u00e9ricas sello UV:\"}},{\"type\":\"text\",\"props\":{\"margin\":\"default\",\"column_breakpoint\":\"m\",\"content\":\"\n\n<p><em><strong>Excelencia acad\\u00e9mica - \\u00c9nfasis en el desarrollo de la investigaci\\u00f3n:<\\\/strong><\\\/em><br \\\/>Mejora continuamente sus habilidades profesionales y de investigaci\\u00f3n a partir de un aprendizaje autorregulado y con pensamiento cr\\u00edtico, lo que le permite generar soluciones innovadoras pertinentes seg\\u00fan sus contextos de desempe\\u00f1o.<\\\/p>\\n\n\n<p><em><strong>Interdisciplinariedad - Valoraci\\u00f3n de las pr\\u00e1cticas participativas:<\\\/strong><\\\/em> <br \\\/>Colabora en equipos multidisciplinarios asumiendo diversos roles, liderando tareas y soluciones en entornos complejos en pos de un objetivo com\\u00fan.<\\\/p>\\n\n\n<p><em><strong>Sentido de lo p\\u00fablico:<\\\/strong><\\\/em><br \\\/>Act\\u00faa en forma \\u00e9tica, demostrando un comportamiento inclusivo y con responsabilidad ciudadana, desde un enfoque de g\\u00e9nero y derechos humanos, respetuoso de la diversidad, para un desempe\\u00f1o profesional de excelencia que considera el impacto sociocultural, econ\\u00f3mico y medioambiental<\\\/p>\\n\n\n<p><strong><em>Perspectiva internacional:<\\\/em><\\\/strong><br \\\/>Maneja habilidades comunicativas orales, escritas e interpersonales, para el desempe\\u00f1o eficaz en contextos laborales nacionales e internacionales<\\\/p>\",\"text_align\":\"justify\"}}]}]}]},{\"type\":\"section\",\"props\":{\"style\":\"default\",\"width\":\"default\",\"vertical_align\":\"middle\",\"title_position\":\"top-left\",\"title_rotation\":\"left\",\"title_breakpoint\":\"xl\",\"image_position\":\"center-center\"},\"children\":[{\"type\":\"row\",\"children\":[{\"type\":\"column\",\"props\":{\"position_sticky_breakpoint\":\"m\",\"image_position\":\"center-center\",\"media_overlay_gradient\":\"\"},\"children\":[{\"type\":\"headline\",\"props\":{\"title_element\":\"h1\",\"content\":\"Plan Curricular 2024\",\"title_style\":\"heading-medium\",\"title_color\":\"background\"}},{\"type\":\"image\",\"props\":{\"margin\":\"default\",\"image_svg_color\":\"emphasis\",\"image\":\"wp-content\\\/uploads\\\/2023\\\/10\\\/MallaOyP2023.png\"}},{\"type\":\"headline\",\"props\":{\"title_element\":\"h1\",\"content\":\"REXE 3946\\\/2023\",\"title_style\":\"heading-medium\",\"title_color\":\"background\"}},{\"type\":\"button\",\"props\":{\"grid_column_gap\":\"small\",\"grid_row_gap\":\"small\",\"margin\":\"default\"},\"children\":[{\"type\":\"button_item\",\"props\":{\"link_title\":\"Rexe-003946-23 Aprueba Plan de Estudios de la Carrera de Obstetricia y Puericultura\",\"link\":\"wp-content\\\/uploads\\\/2023\\\/11\\\/Rexe-003946-23-Aprueba-Plan-de-Estudios-de-la-Carrera-de-Obstetricia-y-Puericultura.pdf\",\"content\":\"DESCARGAR REXE QUE APRUEBA EL NUEVO PLAN DE ESTUDIOS\",\"button_style\":\"primary\",\"link_target\":\"blank\",\"icon_align\":\"left\"}}]}]}]}]}],\"version\":\"3.0.7\"} --><\/p>\n","protected":false},"excerpt":{"rendered":"<p>\u00bfQu\u00e9 es el Comit\u00e9 Curricular Permanente? Es la unidad encargada al interior de la escuela que recoge la opini\u00f3n de diversas fuentes tales como empleadores, egresados, estudiantes, colegio gremial entre otros; para ofrecer una malla curricular moderna, flexible, orientada por competencias cuyo perfil de egreso responde a las demandas formativas del profesional Matrona y Matr\u00f3n [&hellip;]<\/p>\n","protected":false},"author":2,"featured_media":0,"parent":0,"menu_order":0,"comment_status":"closed","ping_status":"closed","template":"","meta":{"advanced_seo_description":"","jetpack_seo_html_title":"","jetpack_seo_noindex":false,"jetpack_post_was_ever_published":false,"footnotes":""},"class_list":["post-27415","page","type-page","status-publish","hentry"],"jetpack_sharing_enabled":true,"jetpack-related-posts":[],"jetpack_shortlink":"https:\/\/wp.me\/P7pLU0-78b","_links":{"self":[{"href":"https:\/\/obstetricia.uv.cl\/inicio\/index.php\/wp-json\/wp\/v2\/pages\/27415","targetHints":{"allow":["GET"]}}],"collection":[{"href":"https:\/\/obstetricia.uv.cl\/inicio\/index.php\/wp-json\/wp\/v2\/pages"}],"about":[{"href":"https:\/\/obstetricia.uv.cl\/inicio\/index.php\/wp-json\/wp\/v2\/types\/page"}],"author":[{"embeddable":true,"href":"https:\/\/obstetricia.uv.cl\/inicio\/index.php\/wp-json\/wp\/v2\/users\/2"}],"replies":[{"embeddable":true,"href":"https:\/\/obstetricia.uv.cl\/inicio\/index.php\/wp-json\/wp\/v2\/comments?post=27415"}],"version-history":[{"count":7,"href":"https:\/\/obstetricia.uv.cl\/inicio\/index.php\/wp-json\/wp\/v2\/pages\/27415\/revisions"}],"predecessor-version":[{"id":34473,"href":"https:\/\/obstetricia.uv.cl\/inicio\/index.php\/wp-json\/wp\/v2\/pages\/27415\/revisions\/34473"}],"wp:attachment":[{"href":"https:\/\/obstetricia.uv.cl\/inicio\/index.php\/wp-json\/wp\/v2\/media?parent=27415"}],"curies":[{"name":"wp","href":"https:\/\/api.w.org\/{rel}","templated":true}]}}