{"id":32063,"date":"2020-04-08T15:04:03","date_gmt":"2020-04-08T19:04:03","guid":{"rendered":"https:\/\/obstetricia.uv.cl\/inicio\/?page_id=32063"},"modified":"2023-11-27T11:03:26","modified_gmt":"2023-11-27T14:03:26","slug":"comite-vcmye","status":"publish","type":"page","link":"https:\/\/obstetricia.uv.cl\/inicio\/index.php\/comite-vcmye\/","title":{"rendered":"Comit\u00e9 VCMyE"},"content":{"rendered":"<h1>Comit\u00e9 de Vinculaci\u00f3n con el Medio y Extensi\u00f3n<\/h1>\n<div>\n<p>    <iframe loading=\"lazy\" width=\"560\" height=\"315\" src=\"https:\/\/www.youtube.com\/embed\/m9dXDgQjGis?si=9e98mmRpLLs9mBRf\" title=\"YouTube video player\" frameborder=\"0\" allow=\"accelerometer; autoplay; clipboard-write; encrypted-media; gyroscope; picture-in-picture; web-share\" allowfullscreen><\/iframe>\n<\/div>\n<div>\n<p>    <iframe loading=\"lazy\" width=\"560\" height=\"315\" src=\"https:\/\/www.youtube.com\/embed\/1l9XmSlsy2Y?si=Rx7i422Hy4nPT5sg\" title=\"YouTube video player\" frameborder=\"0\" allow=\"accelerometer; autoplay; clipboard-write; encrypted-media; gyroscope; picture-in-picture; web-share\" allowfullscreen><\/iframe>\n<\/div>\n<h1>Miembros del comit\u00e9<\/h1>\n<div><strong>Estudiantes<\/strong><\/p>\n<ul>\n<li>Presidenta: Samanta Gallardo Horvath 3ro<\/li>\n<li>Secretaria: Camila Rojas Cornejo, 3er a\u00f1o<\/li>\n<li>Tesorera: Jael D\u00edaz Villalobos, 3er a\u00f1o<\/li>\n<li>Encargada de rrss: Natalia duque Vergara, 2do a\u00f1o<\/li>\n<li>Encargada de dise\u00f1o: Fabiana Godoy, 2do a\u00f1o<\/li>\n<li>Encargada de investigaci\u00f3n: Mar\u00eda Paz Mellado 3er a\u00f1o<\/li>\n<li>Equipo asesor:\n<ul>\n<li>Katterine Gonz\u00e1lez C\u00e1ceres, 5to<\/li>\n<li>Daniela Moya 5to<\/li>\n<li>\u00c1ngel Herrera 5to<\/li>\n<li>Paula Morales 5to<\/li>\n<\/ul>\n<\/li>\n<\/ul>\n<\/div>\n<h1>Noticias de Vinculaci\u00f3n<\/h1>\n<div>\n<\/div>\n<p><!--more--><br \/>\n<!-- {\"type\":\"layout\",\"children\":[{\"type\":\"section\",\"props\":{\"style\":\"default\",\"width\":\"default\",\"vertical_align\":\"middle\",\"title_position\":\"top-left\",\"title_rotation\":\"left\",\"title_breakpoint\":\"xl\",\"image_position\":\"center-center\"},\"children\":[{\"type\":\"row\",\"children\":[{\"type\":\"column\",\"props\":{\"position_sticky_breakpoint\":\"m\",\"image_position\":\"center-center\",\"media_overlay_gradient\":\"\"},\"children\":[{\"type\":\"headline\",\"props\":{\"title_element\":\"h1\",\"content\":\"Comit\\u00e9 de Vinculaci\\u00f3n con el Medio y Extensi\\u00f3n\",\"title_style\":\"heading-medium\",\"title_color\":\"background\",\"text_align\":\"center\"}},{\"type\":\"fragment\",\"children\":[{\"type\":\"row\",\"props\":{\"layout\":\"1-2,1-2\",\"match\":false,\"column_gap\":\"small\",\"row_gap\":\"small\"},\"children\":[{\"type\":\"column\",\"props\":{\"position_sticky_breakpoint\":\"m\",\"image_position\":\"center-center\",\"media_overlay_gradient\":\"\",\"width_medium\":\"1-2\"},\"children\":[{\"type\":\"html\",\"props\":{\"content\":\"<iframe width=\\\"560\\\" height=\\\"315\\\" src=\\\"https:\\\/\\\/www.youtube.com\\\/embed\\\/m9dXDgQjGis?si=9e98mmRpLLs9mBRf\\\" title=\\\"YouTube video player\\\" frameborder=\\\"0\\\" allow=\\\"accelerometer; autoplay; clipboard-write; encrypted-media; gyroscope; picture-in-picture; web-share\\\" allowfullscreen><\\\/iframe>\"}}]},{\"type\":\"column\",\"props\":{\"position_sticky_breakpoint\":\"m\",\"image_position\":\"center-center\",\"media_overlay_gradient\":\"\",\"width_medium\":\"1-2\"},\"children\":[{\"type\":\"html\",\"props\":{\"content\":\"<iframe width=\\\"560\\\" height=\\\"315\\\" src=\\\"https:\\\/\\\/www.youtube.com\\\/embed\\\/1l9XmSlsy2Y?si=Rx7i422Hy4nPT5sg\\\" title=\\\"YouTube video player\\\" frameborder=\\\"0\\\" allow=\\\"accelerometer; autoplay; clipboard-write; encrypted-media; gyroscope; picture-in-picture; web-share\\\" allowfullscreen><\\\/iframe>\"}}]}]}]},{\"type\":\"headline\",\"props\":{\"title_element\":\"h1\",\"content\":\"Miembros del comit\\u00e9\"}},{\"type\":\"text\",\"props\":{\"margin\":\"default\",\"column_breakpoint\":\"m\",\"content\":\"\n\n<p><strong>Estudiantes<\\\/strong><\\\/p>\\n\n\n<ul>\\n\n\n<li>Presidenta: Samanta Gallardo Horvath 3ro<\\\/li>\\n\n\n<li>Secretaria: Camila Rojas Cornejo, 3er a\\u00f1o<\\\/li>\\n\n\n<li>Tesorera: Jael D\\u00edaz Villalobos, 3er a\\u00f1o<\\\/li>\\n\n\n<li>Encargada de rrss: Natalia duque Vergara, 2do a\\u00f1o<\\\/li>\\n\n\n<li>Encargada de dise\\u00f1o: Fabiana Godoy, 2do a\\u00f1o<\\\/li>\\n\n\n<li>Encargada de investigaci\\u00f3n: Mar\\u00eda Paz Mellado 3er a\\u00f1o<\\\/li>\\n\n\n<li>Equipo asesor:\\n\n\n<ul>\\n\n\n<li>Katterine Gonz\\u00e1lez C\\u00e1ceres, 5to<\\\/li>\\n\n\n<li>Daniela Moya 5to<\\\/li>\\n\n\n<li>\\u00c1ngel Herrera 5to<\\\/li>\\n\n\n<li>Paula Morales 5to<\\\/li>\\n<\\\/ul>\\n<\\\/li>\\n<\\\/ul>\"}}]}]}]},{\"type\":\"section\",\"props\":{\"style\":\"secondary\",\"width\":\"default\",\"vertical_align\":\"middle\",\"title_position\":\"top-left\",\"title_rotation\":\"left\",\"title_breakpoint\":\"xl\",\"image_position\":\"center-center\"},\"children\":[{\"type\":\"row\",\"children\":[{\"type\":\"column\",\"props\":{\"position_sticky_breakpoint\":\"m\",\"image_position\":\"center-center\",\"media_overlay_gradient\":\"\"},\"children\":[{\"type\":\"headline\",\"props\":{\"title_element\":\"h1\",\"content\":\"Noticias de Vinculaci\\u00f3n\"}},{\"type\":\"grid\",\"props\":{\"show_title\":true,\"show_meta\":false,\"show_content\":false,\"show_image\":true,\"show_link\":true,\"grid_default\":\"1\",\"grid_medium\":\"3\",\"filter_style\":\"tab\",\"filter_all\":false,\"filter_position\":\"top\",\"filter_align\":\"justify\",\"filter_grid_width\":\"auto\",\"filter_grid_breakpoint\":\"m\",\"title_hover_style\":\"reset\",\"title_element\":\"h3\",\"title_align\":\"top\",\"title_grid_width\":\"1-2\",\"title_grid_breakpoint\":\"m\",\"meta_style\":\"text-meta\",\"meta_align\":\"below-title\",\"meta_element\":\"div\",\"content_column_breakpoint\":\"m\",\"icon_width\":80,\"image_align\":\"top\",\"image_grid_width\":\"1-2\",\"image_grid_breakpoint\":\"m\",\"image_svg_color\":\"emphasis\",\"link_text\":\"Read more\",\"link_style\":\"default\",\"margin\":\"default\",\"item_animation\":true,\"filter\":false,\"image_loading\":true,\"text_align\":\"justify\"},\"children\":[{\"type\":\"grid_item\",\"source\":{\"query\":{\"name\":\"posts.customPosts\",\"arguments\":{\"terms\":[5,6,31,38,71,161,189,224,252,105,106,155],\"category_operator\":\"IN\",\"post_tag_operator\":\"IN\",\"users\":[1,2],\"users_operator\":\"IN\",\"offset\":0,\"limit\":9,\"order\":\"date\",\"order_direction\":\"DESC\"}},\"props\":{\"title\":{\"filters\":{\"search\":\"\"},\"name\":\"title\"},\"image\":{\"filters\":{\"search\":\"\"},\"name\":\"featuredImage.url\"},\"link\":{\"filters\":{\"search\":\"\"},\"name\":\"link\"}}},\"props\":{\"link_text\":\"Ver\"}}]}]}]}]}],\"version\":\"3.0.7\"} --><\/p>\n","protected":false},"excerpt":{"rendered":"<p>Comit\u00e9 de Vinculaci\u00f3n con el Medio y Extensi\u00f3n Miembros del comit\u00e9 Estudiantes Presidenta: Samanta Gallardo Horvath 3ro Secretaria: Camila Rojas Cornejo, 3er a\u00f1o Tesorera: Jael D\u00edaz Villalobos, 3er a\u00f1o Encargada de rrss: Natalia duque Vergara, 2do a\u00f1o Encargada de dise\u00f1o: Fabiana Godoy, 2do a\u00f1o Encargada de investigaci\u00f3n: Mar\u00eda Paz Mellado 3er a\u00f1o Equipo asesor: Katterine [&hellip;]<\/p>\n","protected":false},"author":2,"featured_media":0,"parent":0,"menu_order":0,"comment_status":"closed","ping_status":"closed","template":"","meta":{"footnotes":""},"class_list":["post-32063","page","type-page","status-publish","hentry"],"_links":{"self":[{"href":"https:\/\/obstetricia.uv.cl\/inicio\/index.php\/wp-json\/wp\/v2\/pages\/32063","targetHints":{"allow":["GET"]}}],"collection":[{"href":"https:\/\/obstetricia.uv.cl\/inicio\/index.php\/wp-json\/wp\/v2\/pages"}],"about":[{"href":"https:\/\/obstetricia.uv.cl\/inicio\/index.php\/wp-json\/wp\/v2\/types\/page"}],"author":[{"embeddable":true,"href":"https:\/\/obstetricia.uv.cl\/inicio\/index.php\/wp-json\/wp\/v2\/users\/2"}],"replies":[{"embeddable":true,"href":"https:\/\/obstetricia.uv.cl\/inicio\/index.php\/wp-json\/wp\/v2\/comments?post=32063"}],"version-history":[{"count":10,"href":"https:\/\/obstetricia.uv.cl\/inicio\/index.php\/wp-json\/wp\/v2\/pages\/32063\/revisions"}],"predecessor-version":[{"id":34480,"href":"https:\/\/obstetricia.uv.cl\/inicio\/index.php\/wp-json\/wp\/v2\/pages\/32063\/revisions\/34480"}],"wp:attachment":[{"href":"https:\/\/obstetricia.uv.cl\/inicio\/index.php\/wp-json\/wp\/v2\/media?parent=32063"}],"curies":[{"name":"wp","href":"https:\/\/api.w.org\/{rel}","templated":true}]}}