{"id":33698,"date":"2022-09-26T14:22:38","date_gmt":"2022-09-26T17:22:38","guid":{"rendered":"https:\/\/obstetricia.uv.cl\/inicio\/?page_id=33698"},"modified":"2023-07-03T15:48:38","modified_gmt":"2023-07-03T19:48:38","slug":"alumni","status":"publish","type":"page","link":"https:\/\/obstetricia.uv.cl\/inicio\/index.php\/alumni\/","title":{"rendered":"ALUMNI"},"content":{"rendered":"<ul>\n<li>\n<p>        <img decoding=\"async\" src=\"\/inicio\/wp-content\/uploads\/2022\/09\/alumni01.png\" alt=\"\"><\/p>\n<h2>Qu\u00e9 es ALUMNI<\/h2>\n<div><span style=\"font-weight: 400;\">Es la unidad de titulados de la Universidad de Valpara\u00edso que busca <\/span><span style=\"font-weight: 400;\">generar las bases para la construcci\u00f3n de lazos duraderos que permitan la retroalimentaci\u00f3n de nuestros programas de pregrado, fortalecer el sentido de pertenencia e identidad de los graduados y profesionales de la Universidad de Valpara\u00edso.\u00a0<\/span><\/p>\n<\/div>\n<p><a href=\"https:\/\/obstetricia.uv.cl\/inicio\/index.php\/titulados\/que-es-alumni\/\">Leer M\u00e1s<\/a><\/p>\n<\/li>\n<li>\n<p>        <img decoding=\"async\" src=\"\/inicio\/wp-content\/uploads\/2022\/09\/la-red.png\" alt=\"\"><\/p>\n<h2>Red ALUMNI OyP<\/h2>\n<div><span style=\"font-weight: 400;\">Queremos formar una red de titulados de nuestra carrera, saber d\u00f3nde est\u00e1n, los cargos en los que se desempe\u00f1an, si realizan ejercicio de la profesi\u00f3n y las diferentes actividades que realizan ejerciendo su rol de matr\u00f3n\/a.\u00a0<\/span><\/p>\n<\/div>\n<p><a href=\"https:\/\/forms.office.com\/r\/9VjrUg7Mes\"><span uk-icon=\"icon: arrow-right; ratio: 1.4\"><\/span><\/a><\/p>\n<\/li>\n<li>\n<p>        <img decoding=\"async\" src=\"\/inicio\/wp-content\/uploads\/2022\/09\/testing.png\" alt=\"\"><\/p>\n<h2>Post\u00edtulo y Educaci\u00f3n Continua<\/h2>\n<div><span style=\"font-weight: 400;\">Nuestra Escuela de Obstetricia y Puericultura UV posee una variada oferta para que contin\u00faes tu formaci\u00f3n profesional.\u00a0<\/span><\/p>\n<\/div>\n<p><a href=\"https:\/\/obstetricia.uv.cl\/inicio\/index.php\/postitulo-2\"><span uk-icon=\"icon: arrow-right; ratio: 1.4\"><\/span><\/a><\/p>\n<\/li>\n<li>\n<p>        <img decoding=\"async\" src=\"\/inicio\/wp-content\/uploads\/2022\/09\/medios-de-comunicacion-social-1.png\" alt=\"\"><\/p>\n<h2>Siguenos en Nuestras Redes Sociales<\/h2>\n<div>\n<ul class=\"uk-list uk-list-disc uk-list-primary\">\n<li><a href=\"https:\/\/www.facebook.com\/alumnioypuv\/\" target=\"_blank\" rel=\"noopener\"><strong>Facebook<\/strong><\/a><\/li>\n<li><a href=\"https:\/\/www.instagram.com\/alumni_oyp_uv\/\" target=\"_blank\" rel=\"noopener\"><strong>Instagram<\/strong><\/a><\/li>\n<li><a href=\"https:\/\/www.linkedin.com\/in\/oypuv\/\" target=\"_blank\" rel=\"noopener\"><strong>Linkedin<\/strong><\/a><\/li>\n<\/ul>\n<\/div>\n<\/li>\n<li>\n<h2>UN ALUMNI, UNA HISTORIA<\/h2>\n<p>En esta secci\u00f3n encontrar\u00e1s historias de algunos titulados.  Si quieres contar tu historia escr\u00edbenos a alumni.obstetricia@uv.cl<\/p>\n<p><a href=\"https:\/\/obstetricia.uv.cl\/inicio\/index.php\/titulados\/alumni\/testimonios-alumni-oyp\/\">Ver m\u00e1s Testimonios<\/a><\/p>\n<\/li>\n<li>\n<p>        <img decoding=\"async\" src=\"\/inicio\/wp-content\/uploads\/2022\/09\/instagram.png\" alt=\"\"><\/p>\n<h2>Nuestro Instagram<\/h2>\n<div>[insta-gallery id=\u00bb0&#8243;]<\/div>\n<\/li>\n<\/ul>\n<p><!--more--><br \/>\n<!-- {\"type\":\"layout\",\"children\":[{\"type\":\"section\",\"props\":{\"style\":\"default\",\"width\":\"default\",\"vertical_align\":\"middle\",\"title_position\":\"top-left\",\"title_rotation\":\"left\",\"title_breakpoint\":\"xl\",\"image_position\":\"center-center\"},\"children\":[{\"type\":\"row\",\"children\":[{\"type\":\"column\",\"props\":{\"position_sticky_breakpoint\":\"m\",\"image_position\":\"center-center\",\"media_overlay_gradient\":\"\"},\"children\":[{\"name\":\"Grid Tile Checked\",\"type\":\"grid\",\"children\":[{\"type\":\"grid_item\",\"props\":{\"title\":\"Qu\\u00e9 es ALUMNI\",\"content\":\"\n\n<p><span style=\\\"font-weight: 400;\\\">Es la unidad de titulados de la Universidad de Valpara\\u00edso que busca <\\\/span><span style=\\\"font-weight: 400;\\\">generar las bases para la construcci\\u00f3n de lazos duraderos que permitan la retroalimentaci\\u00f3n de nuestros programas de pregrado, fortalecer el sentido de pertenencia e identidad de los graduados y profesionales de la Universidad de Valpara\\u00edso.\\u00a0<\\\/span><\\\/p>\",\"image\":\"wp-content\\\/uploads\\\/2022\\\/09\\\/alumni01.png\",\"link\":\"https:\\\/\\\/obstetricia.uv.cl\\\/inicio\\\/index.php\\\/titulados\\\/que-es-alumni\\\/\",\"link_text\":\"Leer M\\u00e1s\"}},{\"type\":\"grid_item\",\"props\":{\"title\":\"Red ALUMNI OyP\",\"content\":\"\n\n<p><span style=\\\"font-weight: 400;\\\">Queremos formar una red de titulados de nuestra carrera, saber d\\u00f3nde est\\u00e1n, los cargos en los que se desempe\\u00f1an, si realizan ejercicio de la profesi\\u00f3n y las diferentes actividades que realizan ejerciendo su rol de matr\\u00f3n\\\/a.\\u00a0<\\\/span><\\\/p>\",\"image\":\"wp-content\\\/uploads\\\/2022\\\/09\\\/la-red.png\",\"link\":\"https:\\\/\\\/forms.office.com\\\/r\\\/9VjrUg7Mes\",\"link_text\":\"\"}},{\"type\":\"grid_item\",\"props\":{\"title\":\"Post\\u00edtulo y Educaci\\u00f3n Continua\",\"content\":\"\n\n<p><span style=\\\"font-weight: 400;\\\">Nuestra Escuela de Obstetricia y Puericultura UV posee una variada oferta para que contin\\u00faes tu formaci\\u00f3n profesional.\\u00a0<\\\/span><\\\/p>\",\"image\":\"wp-content\\\/uploads\\\/2022\\\/09\\\/testing.png\",\"link\":\"https:\\\/\\\/obstetricia.uv.cl\\\/inicio\\\/index.php\\\/postitulo-2\",\"link_text\":\"\"}},{\"type\":\"grid_item\",\"props\":{\"title\":\"Siguenos en Nuestras Redes Sociales\",\"content\":\"\n\n<ul class=\\\"uk-list uk-list-disc uk-list-primary\\\">\\n\n\n<li><a href=\\\"https:\\\/\\\/www.facebook.com\\\/alumnioypuv\\\/\\\" target=\\\"_blank\\\" rel=\\\"noopener\\\"><strong>Facebook<\\\/strong><\\\/a><\\\/li>\\n\n\n<li><a href=\\\"https:\\\/\\\/www.instagram.com\\\/alumni_oyp_uv\\\/\\\" target=\\\"_blank\\\" rel=\\\"noopener\\\"><strong>Instagram<\\\/strong><\\\/a><\\\/li>\\n\n\n<li><a href=\\\"https:\\\/\\\/www.linkedin.com\\\/in\\\/oypuv\\\/\\\" target=\\\"_blank\\\" rel=\\\"noopener\\\"><strong>Linkedin<\\\/strong><\\\/a><\\\/li>\\n<\\\/ul>\",\"image\":\"wp-content\\\/uploads\\\/2022\\\/09\\\/medios-de-comunicacion-social-1.png\",\"link\":\"\",\"link_text\":\"\"}},{\"type\":\"grid_item\",\"props\":{\"title\":\"UN ALUMNI, UNA HISTORIA\",\"link_text\":\"Ver m\\u00e1s Testimonios\",\"meta\":\"En esta secci\\u00f3n encontrar\\u00e1s historias de algunos titulados.  Si quieres contar tu historia escr\\u00edbenos a alumni.obstetricia@uv.cl\",\"link\":\"https:\\\/\\\/obstetricia.uv.cl\\\/inicio\\\/index.php\\\/titulados\\\/alumni\\\/testimonios-alumni-oyp\\\/\"},\"source\":{\"query\":{\"name\":\"projects.customProject\",\"arguments\":{\"terms\":[202],\"project_category_operator\":\"IN\",\"project_tag_operator\":\"IN\",\"users\":[],\"users_operator\":\"IN\",\"offset\":0,\"order\":\"date\",\"order_direction\":\"DESC\"}},\"props\":{\"content\":{\"filters\":{\"search\":\"\"},\"name\":\"title\"},\"image\":{\"filters\":{\"search\":\"\"},\"name\":\"featuredImage.url\"}}}},{\"type\":\"grid_item\",\"props\":{\"title\":\"Nuestro Instagram\",\"content\":\"[insta-gallery id=\\\"0\\\"]\",\"image\":\"wp-content\\\/uploads\\\/2022\\\/09\\\/instagram.png\",\"link\":\"\",\"link_text\":\"\"}}],\"props\":{\"show_title\":true,\"show_meta\":true,\"show_content\":true,\"show_image\":true,\"show_link\":true,\"grid_default\":\"1\",\"grid_medium\":\"3\",\"filter_style\":\"tab\",\"filter_all\":true,\"filter_position\":\"top\",\"filter_align\":\"left\",\"filter_grid_width\":\"auto\",\"filter_grid_breakpoint\":\"m\",\"title_hover_style\":\"reset\",\"title_element\":\"h2\",\"title_align\":\"top\",\"title_grid_width\":\"1-2\",\"title_grid_breakpoint\":\"m\",\"meta_style\":\"text-meta\",\"meta_align\":\"below-title\",\"meta_element\":\"div\",\"content_column_breakpoint\":\"m\",\"icon_width\":80,\"image_align\":\"top\",\"image_grid_width\":\"1-2\",\"image_grid_breakpoint\":\"m\",\"image_svg_color\":\"emphasis\",\"link_text\":\"<span uk-icon=\\\"icon: arrow-right; ratio: 1.4\\\"><\\\/span>\",\"link_style\":\"default\",\"margin\":\"remove-vertical\",\"item_animation\":true,\"link_margin\":\"medium\",\"panel_padding\":\"large\",\"grid_column_gap\":\"collapse\",\"grid_row_gap\":\"collapse\",\"position\":\"relative\",\"position_z_index\":\"1\",\"panel_link\":true,\"panel_style\":\"tile-checked\",\"image_svg_inline\":true,\"image_width\":\"68\",\"image_height\":\"68\",\"title_style\":\"h3\",\"grid_small\":\"2\",\"parallax_easing\":\"1\"}}]}]}]}],\"version\":\"3.0.7\"} --><\/p>\n","protected":false},"excerpt":{"rendered":"<p>Qu\u00e9 es ALUMNI Es la unidad de titulados de la Universidad de Valpara\u00edso que busca generar las bases para la construcci\u00f3n de lazos duraderos que permitan la retroalimentaci\u00f3n de nuestros programas de pregrado, fortalecer el sentido de pertenencia e identidad de los graduados y profesionales de la Universidad de Valpara\u00edso.\u00a0 Leer M\u00e1s Red ALUMNI OyP [&hellip;]<\/p>\n","protected":false},"author":2,"featured_media":0,"parent":0,"menu_order":0,"comment_status":"closed","ping_status":"closed","template":"","meta":{"advanced_seo_description":"","jetpack_seo_html_title":"","jetpack_seo_noindex":false,"jetpack_post_was_ever_published":false,"footnotes":""},"class_list":["post-33698","page","type-page","status-publish","hentry"],"jetpack_sharing_enabled":true,"jetpack-related-posts":[],"jetpack_shortlink":"https:\/\/wp.me\/P7pLU0-8Lw","_links":{"self":[{"href":"https:\/\/obstetricia.uv.cl\/inicio\/index.php\/wp-json\/wp\/v2\/pages\/33698","targetHints":{"allow":["GET"]}}],"collection":[{"href":"https:\/\/obstetricia.uv.cl\/inicio\/index.php\/wp-json\/wp\/v2\/pages"}],"about":[{"href":"https:\/\/obstetricia.uv.cl\/inicio\/index.php\/wp-json\/wp\/v2\/types\/page"}],"author":[{"embeddable":true,"href":"https:\/\/obstetricia.uv.cl\/inicio\/index.php\/wp-json\/wp\/v2\/users\/2"}],"replies":[{"embeddable":true,"href":"https:\/\/obstetricia.uv.cl\/inicio\/index.php\/wp-json\/wp\/v2\/comments?post=33698"}],"version-history":[{"count":16,"href":"https:\/\/obstetricia.uv.cl\/inicio\/index.php\/wp-json\/wp\/v2\/pages\/33698\/revisions"}],"predecessor-version":[{"id":34172,"href":"https:\/\/obstetricia.uv.cl\/inicio\/index.php\/wp-json\/wp\/v2\/pages\/33698\/revisions\/34172"}],"wp:attachment":[{"href":"https:\/\/obstetricia.uv.cl\/inicio\/index.php\/wp-json\/wp\/v2\/media?parent=33698"}],"curies":[{"name":"wp","href":"https:\/\/api.w.org\/{rel}","templated":true}]}}