{"id":33862,"date":"2022-11-07T12:39:54","date_gmt":"2022-11-07T15:39:54","guid":{"rendered":"https:\/\/obstetricia.uv.cl\/inicio\/?page_id=33862"},"modified":"2023-11-14T15:53:43","modified_gmt":"2023-11-14T18:53:43","slug":"certificacion2023","status":"publish","type":"page","link":"https:\/\/obstetricia.uv.cl\/inicio\/index.php\/certificacion2023\/","title":{"rendered":"Certificaci\u00f3n 2023"},"content":{"rendered":"<ul>\n<li>\n<p>        <img decoding=\"async\" src=\"\/inicio\/wp-content\/uploads\/2022\/11\/Presentacion-Certificacion-2023-Final.png\" alt=\"\"><\/p>\n<h3>Slide1<\/h3>\n<\/li>\n<li>\n<p>        <img decoding=\"async\" src=\"\/inicio\/wp-content\/uploads\/2022\/10\/Slide2.jpg\" alt=\"\"><\/p>\n<h3>Slide2<\/h3>\n<\/li>\n<li>\n<p>        <img decoding=\"async\" src=\"\/inicio\/wp-content\/uploads\/2022\/10\/Slide3.jpg\" alt=\"\"><\/p>\n<h3>Slide3<\/h3>\n<\/li>\n<li>\n<p>        <img decoding=\"async\" src=\"\/inicio\/wp-content\/uploads\/2022\/10\/Slide4.jpg\" alt=\"\"><\/p>\n<h3>Slide4<\/h3>\n<\/li>\n<li>\n<p>        <img decoding=\"async\" src=\"\/inicio\/wp-content\/uploads\/2022\/10\/Slide5.jpg\" alt=\"\"><\/p>\n<h3>Slide5<\/h3>\n<\/li>\n<li>\n<p>        <img decoding=\"async\" src=\"\/inicio\/wp-content\/uploads\/2022\/10\/Slide6.jpg\" alt=\"\"><\/p>\n<h3>Slide6<\/h3>\n<\/li>\n<li>\n<p>        <img decoding=\"async\" src=\"\/inicio\/wp-content\/uploads\/2022\/10\/Slide7.jpg\" alt=\"\"><\/p>\n<h3>Slide7<\/h3>\n<\/li>\n<li>\n<p>        <img decoding=\"async\" src=\"\/inicio\/wp-content\/uploads\/2022\/10\/Slide8.jpg\" alt=\"\"><\/p>\n<h3>Slide8<\/h3>\n<\/li>\n<li>\n<p>        <img decoding=\"async\" src=\"\/inicio\/wp-content\/uploads\/2022\/10\/Slide9.jpg\" alt=\"\"><\/p>\n<h3>Slide9<\/h3>\n<\/li>\n<li>\n<p>        <img decoding=\"async\" src=\"\/inicio\/wp-content\/uploads\/2022\/10\/Slide10.jpg\" alt=\"\"><\/p>\n<h3>Slide10<\/h3>\n<\/li>\n<li>\n<p>        <img decoding=\"async\" src=\"\/inicio\/wp-content\/uploads\/2022\/10\/Slide11.jpg\" alt=\"\"><\/p>\n<h3>Slide11<\/h3>\n<\/li>\n<li>\n<p>        <img decoding=\"async\" src=\"\/inicio\/wp-content\/uploads\/2022\/10\/Slide12.jpg\" alt=\"\"><\/p>\n<h3>Slide12<\/h3>\n<\/li>\n<li>\n<p>        <img decoding=\"async\" src=\"\/inicio\/wp-content\/uploads\/2022\/10\/Slide13.jpg\" alt=\"\"><\/p>\n<h3>Slide13<\/h3>\n<\/li>\n<li>\n<p>        <img decoding=\"async\" src=\"\/inicio\/wp-content\/uploads\/2022\/10\/Slide14.jpg\" alt=\"\"><\/p>\n<h3>Slide14<\/h3>\n<\/li>\n<li>\n<p>        <img decoding=\"async\" src=\"\/inicio\/wp-content\/uploads\/2022\/10\/Slide15.jpg\" alt=\"\"><\/p>\n<h3>Slide15<\/h3>\n<\/li>\n<li>\n<p>        <img decoding=\"async\" src=\"\/inicio\/wp-content\/uploads\/2022\/10\/Slide16.jpg\" alt=\"\"><\/p>\n<h3>Slide16<\/h3>\n<\/li>\n<li>\n<p>        <img decoding=\"async\" src=\"\/inicio\/wp-content\/uploads\/2022\/10\/Slide17.jpg\" alt=\"\"><\/p>\n<h3>Slide17<\/h3>\n<\/li>\n<li>\n<p>        <img decoding=\"async\" src=\"\/inicio\/wp-content\/uploads\/2022\/10\/Slide18.jpg\" alt=\"\"><\/p>\n<h3>Slide18<\/h3>\n<\/li>\n<li>\n<p>        <img decoding=\"async\" src=\"\/inicio\/wp-content\/uploads\/2022\/10\/Slide19.jpg\" alt=\"\"><\/p>\n<h3>Slide19<\/h3>\n<\/li>\n<li>\n<p>        <img decoding=\"async\" src=\"\/inicio\/wp-content\/uploads\/2022\/10\/Slide20.jpg\" alt=\"\"><\/p>\n<h3>Slide20<\/h3>\n<\/li>\n<li>\n<p>        <img decoding=\"async\" src=\"\/inicio\/wp-content\/uploads\/2022\/10\/Slide21.jpg\" alt=\"\"><\/p>\n<h3>Slide21<\/h3>\n<\/li>\n<li>\n<p>        <img decoding=\"async\" src=\"\/inicio\/wp-content\/uploads\/2022\/10\/Slide22.jpg\" alt=\"\"><\/p>\n<h3>Slide22<\/h3>\n<\/li>\n<li>\n<p>        <img decoding=\"async\" src=\"\/inicio\/wp-content\/uploads\/2022\/10\/Slide23.jpg\" alt=\"\"><\/p>\n<h3>Slide23<\/h3>\n<\/li>\n<li>\n<p>        <img decoding=\"async\" src=\"\/inicio\/wp-content\/uploads\/2022\/10\/Slide24.jpg\" alt=\"\"><\/p>\n<h3>Slide24<\/h3>\n<\/li>\n<\/ul>\n<h1>D\u00edptico Informativo<\/h1>\n<p><img decoding=\"async\" src=\"\/inicio\/wp-content\/uploads\/2023\/11\/DIPTICO-CERTIFICACION-2023-CORREGIDO_Page1.png\" alt=\"\"><\/p>\n<pre><code>&lt;a href=\"https:\/\/obstetricia.uv.cl\/inicio\/wp-content\/uploads\/2023\/11\/DIPTICO-CERTIFICACION-2023-CORREGIDO.pdf\"&gt;DESCARGAR&lt;\/a&gt;\n<\/code><\/pre>\n<h1>Videos con Resultados proceso<\/h1>\n<pre><code>[videoPlaylist id=34360]<\/code><\/pre>\n<h1>Videos Informativos del proceso<\/h1>\n<pre><code>\t[videoPlaylist id=33763]<\/code><\/pre>\n<h1>C\u00f3mo puedo colaborar en el proceso<\/h1>\n<ul>\n<li>\n<p>        <img decoding=\"async\" src=\"\/inicio\/wp-content\/uploads\/2016\/09\/ProfeMat.png\" alt=\"\"><\/p>\n<h3>Docentes<\/h3>\n<div><span>Respondiendo las encuestas que la escuela requiere realizar para su proceso de Autoevaluaci\u00f3n, capacit\u00e1ndose, investigando conjuntamente con los estudiantes, publicando su producci\u00f3n intelectual adem\u00e1s de participar activamente en los procesos de vinculaci\u00f3n con el medio y mejoramiento continuo de la Escuela de Obstetricia y Puericultura.<\/span><\/p>\n<\/div>\n<\/li>\n<li>\n<p>        <img decoding=\"async\" src=\"\/inicio\/wp-content\/uploads\/2016\/09\/Secretaria.png\" alt=\"\"><\/p>\n<h3>Personal Administrativo<\/h3>\n<div>\n<p><span>Respondiendo las encuestas que la escuela requiere realizar para su proceso de Autoevaluaci\u00f3n y siendo eficiente en el desempe\u00f1o de sus funciones, mejorando cada d\u00eda en el servicio y el trato.<\/span><\/p>\n<\/div>\n<\/li>\n<li>\n<p>        <img decoding=\"async\" src=\"\/inicio\/wp-content\/uploads\/2016\/09\/Egresado.png\" alt=\"\"><\/p>\n<h3>Egresados<\/h3>\n<div>\n<p><span>Respondiendo las encuestas que la escuela requiere realizar para su proceso de Autoevaluaci\u00f3n, manteniendo una comunicaci\u00f3n permanente con la Escuela de Obstetricia y Puericultura, participando activamente en nuestras actividades de capacitaci\u00f3n y prefiriendo nuestra oferta en perfeccionamiento acad\u00e9mico.<\/span><\/p>\n<\/div>\n<\/li>\n<li>\n<p>        <img decoding=\"async\" src=\"\/inicio\/wp-content\/uploads\/2016\/09\/Estudiante-1.png\" alt=\"\"><\/p>\n<h3>Estudiantes<\/h3>\n<div>\n<p><span>Respondiendo las encuestas que la escuela requiere realizar para su proceso de Autoevaluaci\u00f3n, estudiando, investigando y participando activamente en las actividades de extensi\u00f3n y vinculaci\u00f3n con el medio.<\/span><\/p>\n<\/div>\n<\/li>\n<li>\n<p>        <img decoding=\"async\" src=\"\/inicio\/wp-content\/uploads\/2016\/09\/Autoridad.png\" alt=\"\"><\/p>\n<h3>Autoridades UV<\/h3>\n<div>\n<p><span>Respondiendo las encuestas que la Escuela requiere realizar para su proceso de Autoevaluaci\u00f3n y siendo l\u00edderes del cambio, planificando, ejecutando, evaluando y mejorando permanentemente.<\/span><\/p>\n<\/div>\n<\/li>\n<li>\n<p>        <img decoding=\"async\" src=\"\/inicio\/wp-content\/uploads\/2016\/09\/Empleador.png\" alt=\"\"><\/p>\n<h3>Empleadores<\/h3>\n<div>\n<p><span>Respondiendo las encuestas que la Escuela requiere realizar para su proceso de Autoevaluaci\u00f3n, brindando oportunidades de pr\u00e1cticas a los estudiantes de pregrado, investigaci\u00f3n y trabajo a los egresados.<\/span><\/p>\n<\/div>\n<\/li>\n<\/ul>\n<p><!--more--><br \/>\n<!-- {\"type\":\"layout\",\"children\":[{\"type\":\"section\",\"props\":{\"style\":\"default\",\"width\":\"default\",\"vertical_align\":\"middle\",\"title_position\":\"top-left\",\"title_rotation\":\"left\",\"title_breakpoint\":\"xl\",\"image_position\":\"center-center\"},\"children\":[{\"type\":\"row\",\"children\":[{\"type\":\"column\",\"props\":{\"position_sticky_breakpoint\":\"m\",\"image_position\":\"center-center\",\"media_overlay_gradient\":\"\"},\"children\":[{\"type\":\"slideshow\",\"props\":{\"show_title\":false,\"show_meta\":false,\"show_content\":true,\"show_link\":false,\"show_thumbnail\":true,\"slideshow_min_height\":300,\"slideshow_autoplay_pause\":true,\"nav\":\"dotnav\",\"nav_position\":\"bottom-center\",\"nav_position_margin\":\"medium\",\"nav_align\":\"center\",\"nav_breakpoint\":\"s\",\"thumbnav_width\":\"100\",\"thumbnav_height\":\"75\",\"thumbnav_svg_color\":\"emphasis\",\"slidenav\":\"default\",\"slidenav_margin\":\"medium\",\"slidenav_breakpoint\":\"s\",\"slidenav_outside_breakpoint\":\"xl\",\"overlay_position\":\"center-left\",\"overlay_animation\":\"parallax\",\"title_element\":\"h3\",\"meta_style\":\"text-meta\",\"meta_align\":\"below-title\",\"meta_element\":\"div\",\"link_text\":\"Read more\",\"link_style\":\"default\",\"margin\":\"default\",\"slideshow_height\":\"\",\"slideshow_animation\":\"fade\"},\"children\":[{\"type\":\"slideshow_item\",\"props\":{\"title\":\"Slide1\",\"image\":\"wp-content\\\/uploads\\\/2022\\\/11\\\/Presentacion-Certificacion-2023-Final.png\"}},{\"type\":\"slideshow_item\",\"props\":{\"title\":\"Slide2\",\"image\":\"wp-content\\\/uploads\\\/2022\\\/10\\\/Slide2.jpg\"}},{\"type\":\"slideshow_item\",\"props\":{\"title\":\"Slide3\",\"image\":\"wp-content\\\/uploads\\\/2022\\\/10\\\/Slide3.jpg\"}},{\"type\":\"slideshow_item\",\"props\":{\"title\":\"Slide4\",\"image\":\"wp-content\\\/uploads\\\/2022\\\/10\\\/Slide4.jpg\"}},{\"type\":\"slideshow_item\",\"props\":{\"title\":\"Slide5\",\"image\":\"wp-content\\\/uploads\\\/2022\\\/10\\\/Slide5.jpg\"}},{\"type\":\"slideshow_item\",\"props\":{\"title\":\"Slide6\",\"image\":\"wp-content\\\/uploads\\\/2022\\\/10\\\/Slide6.jpg\"}},{\"type\":\"slideshow_item\",\"props\":{\"title\":\"Slide7\",\"image\":\"wp-content\\\/uploads\\\/2022\\\/10\\\/Slide7.jpg\"}},{\"type\":\"slideshow_item\",\"props\":{\"title\":\"Slide8\",\"image\":\"wp-content\\\/uploads\\\/2022\\\/10\\\/Slide8.jpg\"}},{\"type\":\"slideshow_item\",\"props\":{\"title\":\"Slide9\",\"image\":\"wp-content\\\/uploads\\\/2022\\\/10\\\/Slide9.jpg\"}},{\"type\":\"slideshow_item\",\"props\":{\"title\":\"Slide10\",\"image\":\"wp-content\\\/uploads\\\/2022\\\/10\\\/Slide10.jpg\"}},{\"type\":\"slideshow_item\",\"props\":{\"title\":\"Slide11\",\"image\":\"wp-content\\\/uploads\\\/2022\\\/10\\\/Slide11.jpg\"}},{\"type\":\"slideshow_item\",\"props\":{\"title\":\"Slide12\",\"image\":\"wp-content\\\/uploads\\\/2022\\\/10\\\/Slide12.jpg\"}},{\"type\":\"slideshow_item\",\"props\":{\"title\":\"Slide13\",\"image\":\"wp-content\\\/uploads\\\/2022\\\/10\\\/Slide13.jpg\"}},{\"type\":\"slideshow_item\",\"props\":{\"title\":\"Slide14\",\"image\":\"wp-content\\\/uploads\\\/2022\\\/10\\\/Slide14.jpg\"}},{\"type\":\"slideshow_item\",\"props\":{\"title\":\"Slide15\",\"image\":\"wp-content\\\/uploads\\\/2022\\\/10\\\/Slide15.jpg\"}},{\"type\":\"slideshow_item\",\"props\":{\"title\":\"Slide16\",\"image\":\"wp-content\\\/uploads\\\/2022\\\/10\\\/Slide16.jpg\"}},{\"type\":\"slideshow_item\",\"props\":{\"title\":\"Slide17\",\"image\":\"wp-content\\\/uploads\\\/2022\\\/10\\\/Slide17.jpg\"}},{\"type\":\"slideshow_item\",\"props\":{\"title\":\"Slide18\",\"image\":\"wp-content\\\/uploads\\\/2022\\\/10\\\/Slide18.jpg\"}},{\"type\":\"slideshow_item\",\"props\":{\"title\":\"Slide19\",\"image\":\"wp-content\\\/uploads\\\/2022\\\/10\\\/Slide19.jpg\"}},{\"type\":\"slideshow_item\",\"props\":{\"title\":\"Slide20\",\"image\":\"wp-content\\\/uploads\\\/2022\\\/10\\\/Slide20.jpg\"}},{\"type\":\"slideshow_item\",\"props\":{\"title\":\"Slide21\",\"image\":\"wp-content\\\/uploads\\\/2022\\\/10\\\/Slide21.jpg\"}},{\"type\":\"slideshow_item\",\"props\":{\"title\":\"Slide22\",\"image\":\"wp-content\\\/uploads\\\/2022\\\/10\\\/Slide22.jpg\"}},{\"type\":\"slideshow_item\",\"props\":{\"title\":\"Slide23\",\"image\":\"wp-content\\\/uploads\\\/2022\\\/10\\\/Slide23.jpg\"}},{\"type\":\"slideshow_item\",\"props\":{\"title\":\"Slide24\",\"image\":\"wp-content\\\/uploads\\\/2022\\\/10\\\/Slide24.jpg\"}}]},{\"type\":\"headline\",\"props\":{\"title_element\":\"h1\",\"content\":\"D\\u00edptico Informativo\",\"title_color\":\"primary\",\"title_decoration\":\"bullet\",\"margin_remove_top\":false}},{\"type\":\"image\",\"props\":{\"margin\":\"default\",\"image_svg_color\":\"emphasis\",\"image\":\"wp-content\\\/uploads\\\/2023\\\/11\\\/DIPTICO-CERTIFICACION-2023-CORREGIDO_Page1.png\"}},{\"type\":\"button\",\"props\":{\"grid_column_gap\":\"small\",\"grid_row_gap\":\"small\",\"margin\":\"default\",\"button_size\":\"large\",\"text_align\":\"center\"},\"children\":[{\"type\":\"button_item\",\"props\":{\"link_title\":\"DESCARGAR\",\"link\":\"https:\\\/\\\/obstetricia.uv.cl\\\/inicio\\\/wp-content\\\/uploads\\\/2023\\\/11\\\/DIPTICO-CERTIFICACION-2023-CORREGIDO.pdf\",\"icon\":\"cloud-download\",\"content\":\"DESCARGAR\",\"button_style\":\"primary\",\"link_target\":\"blank\",\"icon_align\":\"left\"}}]},{\"type\":\"headline\",\"props\":{\"title_element\":\"h1\",\"content\":\"Videos con Resultados proceso\",\"title_color\":\"primary\",\"title_decoration\":\"bullet\",\"margin_remove_top\":false}},{\"type\":\"code\",\"props\":{\"content\":\"[videoPlaylist id=34360]\",\"margin_remove_top\":true,\"margin_remove_bottom\":true,\"animation\":\"fade\"}},{\"type\":\"headline\",\"props\":{\"title_element\":\"h1\",\"content\":\"Videos Informativos del proceso\",\"title_color\":\"primary\",\"title_decoration\":\"bullet\",\"margin_remove_top\":false}},{\"type\":\"code\",\"props\":{\"content\":\"\\t[videoPlaylist id=33763]\",\"margin_remove_top\":true,\"margin_remove_bottom\":true,\"animation\":\"fade\"}},{\"type\":\"headline\",\"props\":{\"title_element\":\"h1\",\"content\":\"C\\u00f3mo puedo colaborar en el proceso\",\"title_color\":\"primary\",\"title_decoration\":\"bullet\",\"margin_remove_top\":false}},{\"type\":\"grid\",\"props\":{\"show_title\":true,\"show_meta\":true,\"show_content\":true,\"show_image\":true,\"show_link\":false,\"grid_default\":\"1\",\"grid_medium\":\"3\",\"filter_style\":\"tab\",\"filter_all\":true,\"filter_position\":\"top\",\"filter_align\":\"left\",\"filter_grid_width\":\"auto\",\"filter_grid_breakpoint\":\"m\",\"title_hover_style\":\"reset\",\"title_element\":\"h3\",\"title_align\":\"top\",\"title_grid_width\":\"1-2\",\"title_grid_breakpoint\":\"m\",\"meta_style\":\"text-meta\",\"meta_align\":\"below-title\",\"meta_element\":\"div\",\"content_column_breakpoint\":\"m\",\"icon_width\":80,\"image_align\":\"between\",\"image_grid_width\":\"1-2\",\"image_grid_breakpoint\":\"m\",\"image_svg_color\":\"emphasis\",\"link_text\":\"Read more\",\"link_style\":\"default\",\"margin\":\"default\",\"item_animation\":true,\"grid_masonry\":false,\"panel_style\":\"tile-primary\",\"panel_padding\":\"small\",\"text_align\":\"justify\",\"image_loading\":false},\"children\":[{\"type\":\"grid_item\",\"props\":{\"title\":\"Docentes\",\"content\":\"\n\n<p><span>Respondiendo las encuestas que la escuela requiere realizar para su proceso de Autoevaluaci\\u00f3n, capacit\\u00e1ndose, investigando conjuntamente con los estudiantes, publicando su producci\\u00f3n intelectual adem\\u00e1s de participar activamente en los procesos de vinculaci\\u00f3n con el medio y mejoramiento continuo de la Escuela de Obstetricia y Puericultura.<\\\/span><\\\/p>\",\"image\":\"wp-content\\\/uploads\\\/2016\\\/09\\\/ProfeMat.png\"}},{\"type\":\"grid_item\",\"props\":{\"content\":\"\n\n<p><span>Respondiendo las encuestas que la escuela requiere realizar para su proceso de Autoevaluaci\\u00f3n y siendo eficiente en el desempe\\u00f1o de sus funciones, mejorando cada d\\u00eda en el servicio y el trato.<\\\/span><\\\/p>\",\"title\":\"Personal Administrativo\",\"image\":\"wp-content\\\/uploads\\\/2016\\\/09\\\/Secretaria.png\"}},{\"type\":\"grid_item\",\"props\":{\"title\":\"Egresados\",\"content\":\"\n\n<p><span>Respondiendo las encuestas que la escuela requiere realizar para su proceso de Autoevaluaci\\u00f3n, manteniendo una comunicaci\\u00f3n permanente con la Escuela de Obstetricia y Puericultura, participando activamente en nuestras actividades de capacitaci\\u00f3n y prefiriendo nuestra oferta en perfeccionamiento acad\\u00e9mico.<\\\/span><\\\/p>\",\"image\":\"wp-content\\\/uploads\\\/2016\\\/09\\\/Egresado.png\"}},{\"type\":\"grid_item\",\"props\":{\"title\":\"Estudiantes\",\"content\":\"\n\n<p><span>Respondiendo las encuestas que la escuela requiere realizar para su proceso de Autoevaluaci\\u00f3n, estudiando, investigando y participando activamente en las actividades de extensi\\u00f3n y vinculaci\\u00f3n con el medio.<\\\/span><\\\/p>\",\"image\":\"wp-content\\\/uploads\\\/2016\\\/09\\\/Estudiante-1.png\"}},{\"type\":\"grid_item\",\"props\":{\"title\":\"Autoridades UV\",\"content\":\"\n\n<p><span>Respondiendo las encuestas que la Escuela requiere realizar para su proceso de Autoevaluaci\\u00f3n y siendo l\\u00edderes del cambio, planificando, ejecutando, evaluando y mejorando permanentemente.<\\\/span><\\\/p>\",\"image\":\"wp-content\\\/uploads\\\/2016\\\/09\\\/Autoridad.png\"}},{\"type\":\"grid_item\",\"props\":{\"title\":\"Empleadores\",\"content\":\"\n\n<p><span>Respondiendo las encuestas que la Escuela requiere realizar para su proceso de Autoevaluaci\\u00f3n, brindando oportunidades de pr\\u00e1cticas a los estudiantes de pregrado, investigaci\\u00f3n y trabajo a los egresados.<\\\/span><\\\/p>\",\"image\":\"wp-content\\\/uploads\\\/2016\\\/09\\\/Empleador.png\"}}]}]}]}]}],\"version\":\"3.0.7\"} --><\/p>\n","protected":false},"excerpt":{"rendered":"<p>Slide1 Slide2 Slide3 Slide4 Slide5 Slide6 Slide7 Slide8 Slide9 Slide10 Slide11 Slide12 Slide13 Slide14 Slide15 Slide16 Slide17 Slide18 Slide19 Slide20 Slide21 Slide22 Slide23 Slide24 D\u00edptico Informativo &lt;a href=\u00bbhttps:\/\/obstetricia.uv.cl\/inicio\/wp-content\/uploads\/2023\/11\/DIPTICO-CERTIFICACION-2023-CORREGIDO.pdf\u00bb&gt;DESCARGAR&lt;\/a&gt; Videos con Resultados proceso [videoPlaylist id=34360] Videos Informativos del proceso [videoPlaylist id=33763] C\u00f3mo puedo colaborar en el proceso Docentes Respondiendo las encuestas que la escuela requiere realizar [&hellip;]<\/p>\n","protected":false},"author":2,"featured_media":0,"parent":0,"menu_order":0,"comment_status":"closed","ping_status":"closed","template":"","meta":{"footnotes":""},"class_list":["post-33862","page","type-page","status-publish","hentry"],"_links":{"self":[{"href":"https:\/\/obstetricia.uv.cl\/inicio\/index.php\/wp-json\/wp\/v2\/pages\/33862","targetHints":{"allow":["GET"]}}],"collection":[{"href":"https:\/\/obstetricia.uv.cl\/inicio\/index.php\/wp-json\/wp\/v2\/pages"}],"about":[{"href":"https:\/\/obstetricia.uv.cl\/inicio\/index.php\/wp-json\/wp\/v2\/types\/page"}],"author":[{"embeddable":true,"href":"https:\/\/obstetricia.uv.cl\/inicio\/index.php\/wp-json\/wp\/v2\/users\/2"}],"replies":[{"embeddable":true,"href":"https:\/\/obstetricia.uv.cl\/inicio\/index.php\/wp-json\/wp\/v2\/comments?post=33862"}],"version-history":[{"count":20,"href":"https:\/\/obstetricia.uv.cl\/inicio\/index.php\/wp-json\/wp\/v2\/pages\/33862\/revisions"}],"predecessor-version":[{"id":34386,"href":"https:\/\/obstetricia.uv.cl\/inicio\/index.php\/wp-json\/wp\/v2\/pages\/33862\/revisions\/34386"}],"wp:attachment":[{"href":"https:\/\/obstetricia.uv.cl\/inicio\/index.php\/wp-json\/wp\/v2\/media?parent=33862"}],"curies":[{"name":"wp","href":"https:\/\/api.w.org\/{rel}","templated":true}]}}