{"id":33899,"date":"2022-12-06T16:29:56","date_gmt":"2022-12-06T19:29:56","guid":{"rendered":"https:\/\/obstetricia.uv.cl\/inicio\/?page_id=33899"},"modified":"2022-12-06T16:37:36","modified_gmt":"2022-12-06T19:37:36","slug":"donde-estamos","status":"publish","type":"page","link":"https:\/\/obstetricia.uv.cl\/inicio\/index.php\/donde-estamos\/","title":{"rendered":"D\u00f3nde estamos"},"content":{"rendered":"<div>\n<div>\n<h1>D\u00f3nde estamos<\/h1>\n<\/div>\n<\/div>\n<ul>\n<li>\n<p>        -32.970950900000005,-71.53704944109704<\/p>\n<p><img decoding=\"async\" src=\"\/inicio\/wp-content\/uploads\/2022\/12\/casa-central.jpeg\" alt=\"\"><\/p>\n<h3>Facultad de Medicina<\/h3>\n<div>Angamos 655, Vi\u00f1a del Mar, Chile.<\/p>\n<\/div>\n<\/li>\n<li>\n<p>        -32.7395868,-70.7016244<\/p>\n<p><img decoding=\"async\" src=\"\/inicio\/wp-content\/uploads\/2018\/11\/fotos-san-felipe.jpg\" alt=\"\"><\/p>\n<h3>Campus San Felipe UV<\/h3>\n<div><em>Camino<\/em><span>\u00a0la Troya esquina El\u00a0<\/span><em>Convento<\/em><span>, San Felipe<\/span><\/p>\n<\/div>\n<\/li>\n<\/ul>\n<ul>\n<li>\n<p>        <img decoding=\"async\" src=\"\/inicio\/wp-content\/uploads\/2022\/12\/casa-central.jpeg\" alt=\"\"><\/p>\n<h3>Casa Central<\/h3>\n<div>\n<p>&#x1f9ed; Direcci\u00f3n: Angamos 655, Vi\u00f1a del Mar, Chile<\/p>\n<p>&#x1f3db;&#xfe0f; Facultad de Medicina UV<\/p>\n<ul>\n<li class=\"et_pb_module_header\"><span><strong>Secretar\u00eda Direcci\u00f3n:<\/strong> Nicole Varas<br \/><\/span><a href=\"mailto:nicole.varas@uv.cl\">nicole.varas@uv.cl<\/a><span>\u00a0<\/span>| +56 32 260 3045<\/li>\n<li><span><strong>Secretarias de Docencia:<\/strong> <\/span>\n<ul>\n<li><span>Claudia G\u00e1lvez<br \/><\/span><a href=\"mailto:claudia.galvez@uv.cl\">claudia.galvez@uv.cl<\/a> | +56 32 260 3039<\/li>\n<li><span>Mar\u00eda Teresa Vera<br \/><\/span><a href=\"mailto:maria.vera@uv.cl\">maria.vera@uv.cl<\/a> | +56 32 260 3876<\/li>\n<\/ul>\n<\/li>\n<li><span><strong>Secretar\u00eda de Departamentos :<\/strong> Mari\u00f3n Salas<br \/><\/span><a href=\"mailto:marion.salas@uv.cl\">marion.salas@uv.cl<\/a> | +56 32 260 3042<\/li>\n<\/ul>\n<\/div>\n<\/li>\n<li>\n<p>        <img decoding=\"async\" src=\"\/inicio\/wp-content\/uploads\/2022\/12\/Foto_Frontis_Campus-scaled.jpg\" alt=\"\"><\/p>\n<h3>Campus San Felipe<\/h3>\n<div>\n<p>&#x1f9ed; Direcci\u00f3n: Camino la Troya esquina El Convento, San Felipe<\/p>\n<p>&#x1f3db;&#xfe0f; Campus San Felipe UV<\/p>\n<ul>\n<li class=\"et_pb_module_header\"><span><strong>Secretar\u00eda Direcci\u00f3n:<\/strong> Ver\u00f3nica Villalobos<br \/><\/span><span><a href=\"mailto:veronica.villalobos@uv.cl\">veronica.villalobos@uv.cl<\/a>\u00a0<\/span>| +56 34 243 1231<\/li>\n<li><span><strong>Secretar\u00eda Administrativa:<\/strong> Perla Herrera<br \/><\/span><a href=\"mailto:perla.herrera@uv.cl\">perla.herrera@uv.cl<\/a> <a href=\"mailto:marion.salas@uv.cl\"><\/a>| +56 34 243 1246<\/li>\n<\/ul>\n<\/div>\n<\/li>\n<\/ul>\n<p><!--more--><br \/>\n<!-- {\"type\":\"layout\",\"children\":[{\"type\":\"section\",\"props\":{\"style\":\"default\",\"width\":\"default\",\"vertical_align\":\"middle\",\"title_position\":\"top-left\",\"title_rotation\":\"left\",\"title_breakpoint\":\"xl\",\"image_position\":\"center-center\"},\"children\":[{\"type\":\"row\",\"children\":[{\"type\":\"column\",\"props\":{\"position_sticky_breakpoint\":\"m\",\"image_position\":\"center-center\",\"media_overlay_gradient\":\"\"},\"children\":[{\"name\":\"Alert Style Primary\",\"type\":\"alert\",\"children\":null,\"props\":{\"title_element\":\"h3\",\"content\":\"\n\n<h1>D\\u00f3nde estamos<\\\/h1>\",\"content_margin\":\"remove\",\"title\":\"\",\"alert_size\":true,\"title_inline\":false,\"alert_style\":\"primary\",\"text_align\":\"center\"}},{\"name\":\"Map Controls Enabled\",\"type\":\"map\",\"children\":[{\"type\":\"map_item\",\"props\":{\"location\":\"-32.970950900000005,-71.53704944109704\",\"title\":\"Facultad de Medicina\",\"content\":\"\n\n<p>Angamos 655, Vi\\u00f1a del Mar, Chile.<\\\/p>\",\"image\":\"wp-content\\\/uploads\\\/2022\\\/12\\\/casa-central.jpeg\",\"show_popup\":false}},{\"type\":\"map_item\",\"props\":{\"location\":\"-32.7395868,-70.7016244\",\"title\":\"Campus San Felipe UV\",\"content\":\"\n\n<p><em>Camino<\\\/em><span>\\u00a0la Troya esquina El\\u00a0<\\\/span><em>Convento<\\\/em><span>, San Felipe<\\\/span><\\\/p>\",\"image\":\"wp-content\\\/uploads\\\/2018\\\/11\\\/fotos-san-felipe.jpg\"}}],\"props\":{\"show_title\":true,\"show_meta\":true,\"show_content\":true,\"show_image\":true,\"show_link\":true,\"type\":\"roadmap\",\"zoom\":\"9\",\"controls\":true,\"zooming\":true,\"dragging\":true,\"min_zoom\":0,\"max_zoom\":18,\"title_hover_style\":\"reset\",\"title_element\":\"h3\",\"meta_style\":\"text-meta\",\"meta_align\":\"below-title\",\"meta_element\":\"div\",\"image_svg_color\":\"emphasis\",\"link_text\":\"Read more\",\"link_style\":\"default\",\"margin\":\"default\",\"height\":\"500\",\"poi\":false}},{\"name\":\"Grid Gaps None\",\"type\":\"grid\",\"children\":[{\"type\":\"grid_item\",\"props\":{\"source\":\"\",\"title\":\"Casa Central\",\"image\":\"wp-content\\\/uploads\\\/2022\\\/12\\\/casa-central.jpeg\",\"meta\":\"\",\"content\":\"\n\n<p>\\ud83e\\udded Direcci\\u00f3n: Angamos 655, Vi\\u00f1a del Mar, Chile<\\\/p>\\n\n\n<p>\\ud83c\\udfdb\\ufe0f Facultad de Medicina UV<\\\/p>\\n\n\n<ul>\\n\n\n<li class=\\\"et_pb_module_header\\\"><span><strong>Secretar\\u00eda Direcci\\u00f3n:<\\\/strong> Nicole Varas<br \\\/><\\\/span><a href=\\\"mailto:nicole.varas@uv.cl\\\">nicole.varas@uv.cl<\\\/a><span>\\u00a0<\\\/span>| +56 32 260 3045<\\\/li>\\n\n\n<li><span><strong>Secretarias de Docencia:<\\\/strong> <\\\/span>\\n\n\n<ul>\\n\n\n<li><span>Claudia G\\u00e1lvez<br \\\/><\\\/span><a href=\\\"mailto:claudia.galvez@uv.cl\\\">claudia.galvez@uv.cl<\\\/a> | +56 32 260 3039<\\\/li>\\n\n\n<li><span>Mar\\u00eda Teresa Vera<br \\\/><\\\/span><a href=\\\"mailto:maria.vera@uv.cl\\\">maria.vera@uv.cl<\\\/a> | +56 32 260 3876<\\\/li>\\n<\\\/ul>\\n<\\\/li>\\n\n\n<li><span><strong>Secretar\\u00eda de Departamentos :<\\\/strong> Mari\\u00f3n Salas<br \\\/><\\\/span><a href=\\\"mailto:marion.salas@uv.cl\\\">marion.salas@uv.cl<\\\/a> | +56 32 260 3042<\\\/li>\\n<\\\/ul>\\n\n\n<p><\\\/p>\",\"link\":\"\",\"image_alt\":\"\"}},{\"type\":\"grid_item\",\"props\":{\"source\":\"\",\"title\":\"Campus San Felipe\",\"image\":\"wp-content\\\/uploads\\\/2022\\\/12\\\/Foto_Frontis_Campus-scaled.jpg\",\"meta\":\"\",\"content\":\"\n\n<p>\\ud83e\\udded Direcci\\u00f3n: Camino la Troya esquina El Convento, San Felipe<\\\/p>\\n\n\n<p>\\ud83c\\udfdb\\ufe0f Campus San Felipe UV<\\\/p>\\n\n\n<ul>\\n\n\n<li class=\\\"et_pb_module_header\\\"><span><strong>Secretar\\u00eda Direcci\\u00f3n:<\\\/strong> Ver\\u00f3nica Villalobos<br \\\/><\\\/span><span><a href=\\\"mailto:veronica.villalobos@uv.cl\\\">veronica.villalobos@uv.cl<\\\/a>\\u00a0<\\\/span>| +56 34 243 1231<\\\/li>\\n\n\n<li><span><strong>Secretar\\u00eda Administrativa:<\\\/strong> Perla Herrera<br \\\/><\\\/span><a href=\\\"mailto:perla.herrera@uv.cl\\\">perla.herrera@uv.cl<\\\/a> <a href=\\\"mailto:marion.salas@uv.cl\\\"><\\\/a>| +56 34 243 1246<\\\/li>\\n<\\\/ul>\",\"link\":\"\",\"image_alt\":\"\"}}],\"props\":{\"show_title\":true,\"show_meta\":true,\"show_content\":true,\"show_image\":true,\"show_link\":true,\"grid_default\":\"1\",\"grid_medium\":\"2\",\"filter_style\":\"tab\",\"filter_all\":true,\"filter_position\":\"top\",\"filter_align\":\"left\",\"filter_grid_width\":\"auto\",\"filter_grid_breakpoint\":\"m\",\"title_hover_style\":\"reset\",\"title_element\":\"h3\",\"title_align\":\"top\",\"title_grid_width\":\"1-2\",\"title_grid_breakpoint\":\"m\",\"meta_style\":\"text-meta\",\"meta_align\":\"above-title\",\"image_align\":\"top\",\"image_grid_width\":\"1-2\",\"image_grid_breakpoint\":\"m\",\"image_svg_color\":\"emphasis\",\"link_text\":\"Read More\",\"link_style\":\"text\",\"margin\":\"default\",\"item_animation\":true,\"grid_column_gap\":\"medium\",\"grid_small\":\"2\",\"panel_link\":true,\"image_width\":\"610\",\"icon_width\":80,\"meta_element\":\"div\",\"content_column_breakpoint\":\"m\",\"grid_row_gap\":\"collapse\",\"link_margin\":\"medium\",\"title_margin\":\"small\",\"meta_margin\":\"small\",\"image_transition\":\"scale-up\",\"panel_padding\":\"default\",\"parallax_easing\":\"1\",\"grid_large\":\"2\",\"grid_masonry\":false,\"lightbox\":false,\"panel_style\":\"card-primary\",\"panel_image_no_padding\":true,\"image_loading\":true,\"image_height\":\"250\"}}]}]}]}],\"version\":\"3.0.7\"} --><\/p>\n","protected":false},"excerpt":{"rendered":"<p>D\u00f3nde estamos -32.970950900000005,-71.53704944109704 Facultad de Medicina Angamos 655, Vi\u00f1a del Mar, Chile. -32.7395868,-70.7016244 Campus San Felipe UV Camino\u00a0la Troya esquina El\u00a0Convento, San Felipe Casa Central &#x1f9ed; Direcci\u00f3n: Angamos 655, Vi\u00f1a del Mar, Chile &#x1f3db;&#xfe0f; Facultad de Medicina UV Secretar\u00eda Direcci\u00f3n: Nicole Varasnicole.varas@uv.cl\u00a0| +56 32 260 3045 Secretarias de Docencia: Claudia G\u00e1lvezclaudia.galvez@uv.cl | +56 32 260 [&hellip;]<\/p>\n","protected":false},"author":2,"featured_media":0,"parent":0,"menu_order":0,"comment_status":"closed","ping_status":"closed","template":"","meta":{"advanced_seo_description":"","jetpack_seo_html_title":"","jetpack_seo_noindex":false,"jetpack_post_was_ever_published":false,"footnotes":""},"class_list":["post-33899","page","type-page","status-publish","hentry"],"jetpack_sharing_enabled":true,"jetpack-related-posts":[],"jetpack_shortlink":"https:\/\/wp.me\/P7pLU0-8OL","_links":{"self":[{"href":"https:\/\/obstetricia.uv.cl\/inicio\/index.php\/wp-json\/wp\/v2\/pages\/33899","targetHints":{"allow":["GET"]}}],"collection":[{"href":"https:\/\/obstetricia.uv.cl\/inicio\/index.php\/wp-json\/wp\/v2\/pages"}],"about":[{"href":"https:\/\/obstetricia.uv.cl\/inicio\/index.php\/wp-json\/wp\/v2\/types\/page"}],"author":[{"embeddable":true,"href":"https:\/\/obstetricia.uv.cl\/inicio\/index.php\/wp-json\/wp\/v2\/users\/2"}],"replies":[{"embeddable":true,"href":"https:\/\/obstetricia.uv.cl\/inicio\/index.php\/wp-json\/wp\/v2\/comments?post=33899"}],"version-history":[{"count":11,"href":"https:\/\/obstetricia.uv.cl\/inicio\/index.php\/wp-json\/wp\/v2\/pages\/33899\/revisions"}],"predecessor-version":[{"id":33915,"href":"https:\/\/obstetricia.uv.cl\/inicio\/index.php\/wp-json\/wp\/v2\/pages\/33899\/revisions\/33915"}],"wp:attachment":[{"href":"https:\/\/obstetricia.uv.cl\/inicio\/index.php\/wp-json\/wp\/v2\/media?parent=33899"}],"curies":[{"name":"wp","href":"https:\/\/api.w.org\/{rel}","templated":true}]}}