{"id":34043,"date":"2023-03-15T17:13:11","date_gmt":"2023-03-15T20:13:11","guid":{"rendered":"https:\/\/obstetricia.uv.cl\/inicio\/?page_id=34043"},"modified":"2026-03-19T11:07:45","modified_gmt":"2026-03-19T14:07:45","slug":"postitulo-2","status":"publish","type":"page","link":"https:\/\/obstetricia.uv.cl\/inicio\/index.php\/postitulo-2\/","title":{"rendered":"Post\u00edtulo OyP"},"content":{"rendered":"<h1>\n<p style=\"text-align: left;\">Especialidades de Matroner\u00eda 2026<\/p>\n<\/h1>\n<ul>\n<li>\n<p>        <img decoding=\"async\" src=\"\/inicio\/wp-content\/uploads\/2025\/10\/ESPNEO2026.png\" alt=\"\"><\/p>\n<h3>NEO<\/h3>\n<p><a href=\"https:\/\/interespostgrado.uv.cl\/\">Estoy Interesado!<\/a><\/p>\n<\/li>\n<li>\n<p>        <img decoding=\"async\" src=\"\/inicio\/wp-content\/uploads\/2025\/10\/ESPGINE2026.png\" alt=\"\"><\/p>\n<h3>GINE<\/h3>\n<p><a href=\"https:\/\/interespostgrado.uv.cl\/\">Estoy Interesado!<\/a><\/p>\n<\/li>\n<\/ul>\n<h1>\n<p style=\"text-align: left;\">Diplomados de Post\u00edtulo 2026<\/p>\n<\/h1>\n<h1>I Semestre<\/p>\n<\/h1>\n<ul>\n<li>\n<p>        <img decoding=\"async\" src=\"\/inicio\/wp-content\/uploads\/2025\/10\/DPECO2026.png\" alt=\"\"><\/p>\n<h3>ECO2026<\/h3>\n<p><a href=\"https:\/\/interespostgrado.uv.cl\/\">Estoy Interesado!<\/a><\/p>\n<\/li>\n<li>\n<p>        <img decoding=\"async\" src=\"\/inicio\/wp-content\/uploads\/2025\/10\/DPSPI2026.png\" alt=\"\"><\/p>\n<h3>DPSPI2026<\/h3>\n<p><a href=\"https:\/\/interespostgrado.uv.cl\/\">Estoy Interesado!<\/a><\/p>\n<\/li>\n<li>\n<p>        <img decoding=\"async\" src=\"\/inicio\/wp-content\/uploads\/2025\/10\/DPSF2026.png\" alt=\"\"><\/p>\n<h3>DPSF2026<\/h3>\n<p><a href=\"https:\/\/interespostgrado.uv.cl\/\">Estoy Interesado!<\/a><\/p>\n<\/li>\n<\/ul>\n<ul>\n<li>\n<p>        <img decoding=\"async\" src=\"\/inicio\/wp-content\/uploads\/2025\/10\/DPAIM2026.png\" alt=\"\"><\/p>\n<h3>DPAIM2026<\/h3>\n<p><a href=\"https:\/\/interespostgrado.uv.cl\/\">Estoy Interesado!<\/a><\/p>\n<\/li>\n<li>\n<p>        <img decoding=\"async\" src=\"\/inicio\/wp-content\/uploads\/2025\/12\/DCAL2026.png\" alt=\"\"><\/p>\n<h3>DPCAL2026<\/h3>\n<p><a href=\"https:\/\/interespostgrado.uv.cl\/\">Estoy Interesado!<\/a><\/p>\n<\/li>\n<li>\n<p>        <img decoding=\"async\" src=\"\/inicio\/wp-content\/uploads\/2025\/10\/CIRN2026.png\" alt=\"\"><\/p>\n<h3>CIRN2026<\/h3>\n<p><a href=\"https:\/\/interespostgrado.uv.cl\/\">Estoy Interesado!<\/a><\/p>\n<\/li>\n<\/ul>\n<div>\n<p>    <img decoding=\"async\" src=\"\/inicio\/wp-content\/uploads\/2025\/10\/SCE2026.png\" alt=\"\"><\/p>\n<h3>SCE2026<\/h3>\n<p><a href=\"https:\/\/interespostgrado.uv.cl\/\">Estoy Interesado!<\/a><\/p>\n<\/div>\n<h1>Cursos de Educaci\u00f3n Continua 2026<\/p>\n<\/h1>\n<p>\n    <a href=\"https:\/\/forms.office.com\/r\/3NbAkeQJvz\">Inscribete Aqu\u00ed<\/a><\/p>\n<ul>\n<li>\n<p>        <img decoding=\"async\" src=\"\/inicio\/wp-content\/uploads\/2026\/01\/1.png\" alt=\"\"><\/p>\n<h3>Reanimaci\u00f3n Re\u00f1aca Afiche 2026<\/h3>\n<p><a href=\"https:\/\/obstetricia.uv.cl\/inicio\/wp-content\/uploads\/2026\/01\/REANIMACIO\u0301N-NEONATAL-2026.pdf\">M\u00e1s Informaci\u00f3n<\/a><\/p>\n<\/li>\n<li>\n<p>        <img decoding=\"async\" src=\"\/inicio\/wp-content\/uploads\/2026\/01\/3_Pesarios-2026-afiche.png\" alt=\"\"><\/p>\n<h3>Pesarios 2026 afiche<\/h3>\n<p><a href=\"\/inicio\/wp-content\/uploads\/2026\/01\/PESARIOS-2026-1.pdf\">M\u00e1s Informaci\u00f3n<\/a><\/p>\n<\/li>\n<li>\n<p>        <img decoding=\"async\" src=\"\/inicio\/wp-content\/uploads\/2025\/11\/Climaterio-Afiche-2026.png\" alt=\"\"><\/p>\n<h3>Climaterio Afiche 2026<\/h3>\n<p><a href=\"https:\/\/obstetricia.uv.cl\/inicio\/wp-content\/uploads\/2026\/01\/CLIMATERIO-2026.pdf\">M\u00e1s Informaci\u00f3n<\/a><\/p>\n<\/li>\n<li>\n<p>        <img decoding=\"async\" src=\"\/inicio\/wp-content\/uploads\/2026\/01\/Heridas-2026-afiche.png\" alt=\"\"><\/p>\n<h3>Heridas 2026<\/h3>\n<p><a href=\"https:\/\/obstetricia.uv.cl\/inicio\/wp-content\/uploads\/2026\/01\/MANEJO-DE-HERIDAS-2026.pdf\">M\u00e1s Informaci\u00f3n<\/a><\/p>\n<\/li>\n<li>\n<p>        <img decoding=\"async\" src=\"\/inicio\/wp-content\/uploads\/2026\/01\/2_Sutura-2026.png\" alt=\"\"><\/p>\n<h3>Sutura 2026<\/h3>\n<p><a href=\"\/inicio\/wp-content\/uploads\/2026\/01\/SUTURA-PERINEAL-2026-1.pdf\">M\u00e1s Informaci\u00f3n<\/a><\/p>\n<\/li>\n<li>\n<p>        <img decoding=\"async\" src=\"\/inicio\/wp-content\/uploads\/2025\/11\/IAAS-Afiche-2026.png\" alt=\"\"><\/p>\n<h3>IAAS Afiche 2026<\/h3>\n<p><a href=\"https:\/\/obstetricia.uv.cl\/inicio\/wp-content\/uploads\/2026\/01\/IAAS-120-horas-2026.pdf\">M\u00e1s Informaci\u00f3n<\/a><\/p>\n<\/li>\n<li>\n<p>        <img decoding=\"async\" src=\"\/inicio\/wp-content\/uploads\/2026\/01\/1-1.png\" alt=\"\"><\/p>\n<h3>Lactancia Afiche 2026<\/h3>\n<p><a href=\"\/inicio\/wp-content\/uploads\/2026\/03\/ACTUALIZACIONES-EN-LACTANCIA-MATERNA-PARA-POTENCIAR-LA-PRA%CC%81CTUCA-CLI%CC%81NICA-2026.pdf\">M\u00e1s Informaci\u00f3n<\/a><\/p>\n<\/li>\n<\/ul>\n<pre><code>&lt;a href=\"https:\/\/forms.office.com\/r\/3NbAkeQJvz\"&gt;Inscribete Aqu\u00ed&lt;\/a&gt;\n<\/code><\/pre>\n<p><!--more--><br \/>\n<!-- {\"type\":\"layout\",\"children\":[{\"type\":\"section\",\"props\":{\"style\":\"default\",\"width\":\"default\",\"vertical_align\":\"middle\",\"title_position\":\"top-left\",\"title_rotation\":\"left\",\"title_breakpoint\":\"xl\",\"image_position\":\"center-center\"},\"children\":[{\"type\":\"row\",\"children\":[{\"type\":\"column\",\"props\":{\"position_sticky_breakpoint\":\"m\",\"image_position\":\"center-center\",\"media_overlay_gradient\":\"\"},\"children\":[{\"type\":\"headline\",\"props\":{\"title_element\":\"h1\",\"content\":\"\n\n<p style=\\\"text-align: left;\\\">Especialidades de Matroner\\u00eda 2026<\\\/p>\",\"title_style\":\"heading-medium\",\"title_decoration\":\"line\",\"title_color\":\"background\"}},{\"type\":\"grid\",\"props\":{\"show_title\":false,\"show_meta\":false,\"show_content\":false,\"show_image\":true,\"show_link\":true,\"grid_default\":\"1\",\"grid_medium\":\"3\",\"filter_style\":\"tab\",\"filter_all\":true,\"filter_position\":\"top\",\"filter_align\":\"left\",\"filter_grid_width\":\"auto\",\"filter_grid_breakpoint\":\"m\",\"title_hover_style\":\"reset\",\"title_element\":\"h3\",\"title_align\":\"top\",\"title_grid_width\":\"1-2\",\"title_grid_breakpoint\":\"m\",\"meta_style\":\"text-meta\",\"meta_align\":\"below-title\",\"meta_element\":\"div\",\"content_column_breakpoint\":\"m\",\"icon_width\":80,\"image_align\":\"top\",\"image_grid_width\":\"1-2\",\"image_grid_breakpoint\":\"m\",\"image_svg_color\":\"emphasis\",\"link_text\":\"M\\u00e1s Informaci\\u00f3n\",\"link_style\":\"secondary\",\"margin\":\"default\",\"item_animation\":true,\"link_size\":\"small\",\"text_align\":\"center\",\"link_target\":true},\"children\":[{\"type\":\"grid_item\",\"props\":{\"title\":\"NEO\",\"image\":\"wp-content\\\/uploads\\\/2025\\\/10\\\/ESPNEO2026.png\",\"link\":\"https:\\\/\\\/interespostgrado.uv.cl\\\/\",\"link_text\":\"Estoy Interesado!\"}},{\"type\":\"grid_item\",\"props\":{\"title\":\"GINE\",\"image\":\"wp-content\\\/uploads\\\/2025\\\/10\\\/ESPGINE2026.png\",\"link\":\"https:\\\/\\\/interespostgrado.uv.cl\\\/\",\"link_text\":\"Estoy Interesado!\"}}]},{\"type\":\"headline\",\"props\":{\"title_element\":\"h1\",\"content\":\"\n\n<p style=\\\"text-align: left;\\\">Diplomados de Post\\u00edtulo 2026<\\\/p>\",\"title_style\":\"heading-medium\",\"title_decoration\":\"line\",\"title_color\":\"background\"}},{\"type\":\"headline\",\"props\":{\"title_element\":\"h1\",\"content\":\"\n\n<p>I Semestre<\\\/p>\",\"title_style\":\"h3\",\"title_decoration\":\"divider\",\"title_color\":\"background\"}},{\"type\":\"grid\",\"props\":{\"show_title\":false,\"show_meta\":false,\"show_content\":false,\"show_image\":true,\"show_link\":true,\"grid_default\":\"1\",\"grid_medium\":\"3\",\"filter_style\":\"tab\",\"filter_all\":true,\"filter_position\":\"top\",\"filter_align\":\"left\",\"filter_grid_width\":\"auto\",\"filter_grid_breakpoint\":\"m\",\"title_hover_style\":\"reset\",\"title_element\":\"h3\",\"title_align\":\"top\",\"title_grid_width\":\"1-2\",\"title_grid_breakpoint\":\"m\",\"meta_style\":\"text-meta\",\"meta_align\":\"below-title\",\"meta_element\":\"div\",\"content_column_breakpoint\":\"m\",\"icon_width\":80,\"image_align\":\"top\",\"image_grid_width\":\"1-2\",\"image_grid_breakpoint\":\"m\",\"image_svg_color\":\"emphasis\",\"link_text\":\"M\\u00e1s Informaci\\u00f3n\",\"link_style\":\"secondary\",\"margin\":\"default\",\"item_animation\":true,\"link_size\":\"small\",\"text_align\":\"center\",\"link_target\":true},\"children\":[{\"type\":\"grid_item\",\"props\":{\"title\":\"ECO2026\",\"image\":\"wp-content\\\/uploads\\\/2025\\\/10\\\/DPECO2026.png\",\"link\":\"https:\\\/\\\/interespostgrado.uv.cl\\\/\",\"link_text\":\"Estoy Interesado!\"}},{\"type\":\"grid_item\",\"props\":{\"title\":\"DPSPI2026\",\"image\":\"wp-content\\\/uploads\\\/2025\\\/10\\\/DPSPI2026.png\",\"link\":\"https:\\\/\\\/interespostgrado.uv.cl\\\/\",\"link_text\":\"Estoy Interesado!\"}},{\"type\":\"grid_item\",\"props\":{\"title\":\"DPSF2026\",\"image\":\"wp-content\\\/uploads\\\/2025\\\/10\\\/DPSF2026.png\",\"link\":\"https:\\\/\\\/interespostgrado.uv.cl\\\/\",\"link_text\":\"Estoy Interesado!\"}}]},{\"type\":\"grid\",\"props\":{\"show_title\":false,\"show_meta\":false,\"show_content\":false,\"show_image\":true,\"show_link\":true,\"grid_default\":\"1\",\"grid_medium\":\"3\",\"filter_style\":\"tab\",\"filter_all\":true,\"filter_position\":\"top\",\"filter_align\":\"left\",\"filter_grid_width\":\"auto\",\"filter_grid_breakpoint\":\"m\",\"title_hover_style\":\"reset\",\"title_element\":\"h3\",\"title_align\":\"top\",\"title_grid_width\":\"1-2\",\"title_grid_breakpoint\":\"m\",\"meta_style\":\"text-meta\",\"meta_align\":\"below-title\",\"meta_element\":\"div\",\"content_column_breakpoint\":\"m\",\"icon_width\":80,\"image_align\":\"top\",\"image_grid_width\":\"1-2\",\"image_grid_breakpoint\":\"m\",\"image_svg_color\":\"emphasis\",\"link_text\":\"M\\u00e1s Informaci\\u00f3n\",\"link_style\":\"secondary\",\"margin\":\"default\",\"item_animation\":true,\"link_size\":\"small\",\"text_align\":\"center\",\"link_target\":true},\"children\":[{\"type\":\"grid_item\",\"props\":{\"title\":\"DPAIM2026\",\"image\":\"wp-content\\\/uploads\\\/2025\\\/10\\\/DPAIM2026.png\",\"link\":\"https:\\\/\\\/interespostgrado.uv.cl\\\/\",\"link_text\":\"Estoy Interesado!\"}},{\"type\":\"grid_item\",\"props\":{\"title\":\"DPCAL2026\",\"image\":\"wp-content\\\/uploads\\\/2025\\\/12\\\/DCAL2026.png\",\"link\":\"https:\\\/\\\/interespostgrado.uv.cl\\\/\",\"link_text\":\"Estoy Interesado!\"}},{\"type\":\"grid_item\",\"props\":{\"title\":\"CIRN2026\",\"image\":\"wp-content\\\/uploads\\\/2025\\\/10\\\/CIRN2026.png\",\"link\":\"https:\\\/\\\/interespostgrado.uv.cl\\\/\",\"link_text\":\"Estoy Interesado!\"}}]},{\"type\":\"grid\",\"props\":{\"show_title\":false,\"show_meta\":false,\"show_content\":false,\"show_image\":true,\"show_link\":true,\"grid_default\":\"1\",\"grid_medium\":\"3\",\"filter_style\":\"tab\",\"filter_all\":true,\"filter_position\":\"top\",\"filter_align\":\"left\",\"filter_grid_width\":\"auto\",\"filter_grid_breakpoint\":\"m\",\"title_hover_style\":\"reset\",\"title_element\":\"h3\",\"title_align\":\"top\",\"title_grid_width\":\"1-2\",\"title_grid_breakpoint\":\"m\",\"meta_style\":\"text-meta\",\"meta_align\":\"below-title\",\"meta_element\":\"div\",\"content_column_breakpoint\":\"m\",\"icon_width\":80,\"image_align\":\"top\",\"image_grid_width\":\"1-2\",\"image_grid_breakpoint\":\"m\",\"image_svg_color\":\"emphasis\",\"link_text\":\"M\\u00e1s Informaci\\u00f3n\",\"link_style\":\"secondary\",\"margin\":\"default\",\"item_animation\":true,\"link_size\":\"small\",\"text_align\":\"center\",\"link_target\":true},\"children\":[{\"type\":\"grid_item\",\"props\":{\"title\":\"SCE2026\",\"image\":\"wp-content\\\/uploads\\\/2025\\\/10\\\/SCE2026.png\",\"link\":\"https:\\\/\\\/interespostgrado.uv.cl\\\/\",\"link_text\":\"Estoy Interesado!\"}}]},{\"type\":\"headline\",\"props\":{\"title_element\":\"h1\",\"content\":\"\n\n<p>Cursos de Educaci\\u00f3n Continua 2026<\\\/p>\",\"title_style\":\"heading-medium\",\"title_decoration\":\"line\",\"title_color\":\"background\"}},{\"type\":\"button\",\"props\":{\"grid_column_gap\":\"medium\",\"grid_row_gap\":\"medium\",\"margin\":\"default\",\"fullwidth\":true,\"animation\":\"scale-up\",\"button_size\":\"large\"},\"children\":[{\"type\":\"button_item\",\"props\":{\"button_style\":\"danger\",\"icon_align\":\"left\",\"content\":\"Inscribete Aqu\\u00ed\",\"link\":\"https:\\\/\\\/forms.office.com\\\/r\\\/3NbAkeQJvz\",\"icon\":\"bolt\",\"link_target\":\"blank\"}}]},{\"type\":\"grid\",\"props\":{\"show_title\":false,\"show_meta\":false,\"show_content\":false,\"show_image\":true,\"show_link\":true,\"grid_default\":\"1\",\"grid_medium\":\"3\",\"filter_style\":\"tab\",\"filter_all\":true,\"filter_position\":\"top\",\"filter_align\":\"left\",\"filter_grid_width\":\"auto\",\"filter_grid_breakpoint\":\"m\",\"title_hover_style\":\"reset\",\"title_element\":\"h3\",\"title_align\":\"top\",\"title_grid_width\":\"1-2\",\"title_grid_breakpoint\":\"m\",\"meta_style\":\"text-meta\",\"meta_align\":\"below-title\",\"meta_element\":\"div\",\"content_column_breakpoint\":\"m\",\"icon_width\":80,\"image_align\":\"top\",\"image_grid_width\":\"1-2\",\"image_grid_breakpoint\":\"m\",\"image_svg_color\":\"emphasis\",\"link_text\":\"M\\u00e1s Informaci\\u00f3n\",\"link_style\":\"secondary\",\"margin\":\"default\",\"item_animation\":true,\"lightbox\":true,\"link_size\":\"small\",\"text_align\":\"center\",\"status\":\"\"},\"children\":[{\"type\":\"grid_item\",\"props\":{\"title\":\"Reanimaci\\u00f3n Re\\u00f1aca Afiche 2026\",\"image\":\"wp-content\\\/uploads\\\/2026\\\/01\\\/1.png\",\"link\":\"https:\\\/\\\/obstetricia.uv.cl\\\/inicio\\\/wp-content\\\/uploads\\\/2026\\\/01\\\/REANIMACIO\\u0301N-NEONATAL-2026.pdf\"}},{\"type\":\"grid_item\",\"props\":{\"title\":\"Pesarios 2026 afiche\",\"image\":\"wp-content\\\/uploads\\\/2026\\\/01\\\/3_Pesarios-2026-afiche.png\",\"link\":\"wp-content\\\/uploads\\\/2026\\\/01\\\/PESARIOS-2026-1.pdf\"}},{\"type\":\"grid_item\",\"props\":{\"title\":\"Climaterio Afiche 2026\",\"image\":\"wp-content\\\/uploads\\\/2025\\\/11\\\/Climaterio-Afiche-2026.png\",\"link\":\"https:\\\/\\\/obstetricia.uv.cl\\\/inicio\\\/wp-content\\\/uploads\\\/2026\\\/01\\\/CLIMATERIO-2026.pdf\"}},{\"type\":\"grid_item\",\"props\":{\"image\":\"wp-content\\\/uploads\\\/2026\\\/01\\\/Heridas-2026-afiche.png\",\"title\":\"Heridas 2026\",\"link\":\"https:\\\/\\\/obstetricia.uv.cl\\\/inicio\\\/wp-content\\\/uploads\\\/2026\\\/01\\\/MANEJO-DE-HERIDAS-2026.pdf\"}},{\"type\":\"grid_item\",\"props\":{\"title\":\"Sutura 2026\",\"image\":\"wp-content\\\/uploads\\\/2026\\\/01\\\/2_Sutura-2026.png\",\"link\":\"wp-content\\\/uploads\\\/2026\\\/01\\\/SUTURA-PERINEAL-2026-1.pdf\"}},{\"type\":\"grid_item\",\"props\":{\"title\":\"IAAS Afiche 2026\",\"image\":\"wp-content\\\/uploads\\\/2025\\\/11\\\/IAAS-Afiche-2026.png\",\"link\":\"https:\\\/\\\/obstetricia.uv.cl\\\/inicio\\\/wp-content\\\/uploads\\\/2026\\\/01\\\/IAAS-120-horas-2026.pdf\"}},{\"type\":\"grid_item\",\"props\":{\"title\":\"Lactancia Afiche 2026\",\"image\":\"wp-content\\\/uploads\\\/2026\\\/01\\\/1-1.png\",\"link\":\"wp-content\\\/uploads\\\/2026\\\/03\\\/ACTUALIZACIONES-EN-LACTANCIA-MATERNA-PARA-POTENCIAR-LA-PRA\\u0301CTUCA-CLI\\u0301NICA-2026.pdf\"}}]},{\"type\":\"button\",\"props\":{\"grid_column_gap\":\"medium\",\"grid_row_gap\":\"medium\",\"margin\":\"default\",\"fullwidth\":true,\"animation\":\"scale-up\",\"button_size\":\"large\"},\"children\":[{\"type\":\"button_item\",\"props\":{\"button_style\":\"danger\",\"icon_align\":\"left\",\"content\":\"Inscribete Aqu\\u00ed\",\"link\":\"https:\\\/\\\/forms.office.com\\\/r\\\/3NbAkeQJvz\",\"icon\":\"bolt\",\"link_target\":\"blank\"}}]}]}]}]}],\"version\":\"3.0.7\"} --><\/p>\n","protected":false},"excerpt":{"rendered":"<p>Especialidades de Matroner\u00eda 2026 NEO Estoy Interesado! GINE Estoy Interesado! Diplomados de Post\u00edtulo 2026 I Semestre ECO2026 Estoy Interesado! DPSPI2026 Estoy Interesado! DPSF2026 Estoy Interesado! DPAIM2026 Estoy Interesado! DPCAL2026 Estoy Interesado! CIRN2026 Estoy Interesado! SCE2026 Estoy Interesado! Cursos de Educaci\u00f3n Continua 2026 Inscribete Aqu\u00ed Reanimaci\u00f3n Re\u00f1aca Afiche 2026 M\u00e1s Informaci\u00f3n Pesarios 2026 afiche M\u00e1s Informaci\u00f3n [&hellip;]<\/p>\n","protected":false},"author":2,"featured_media":0,"parent":0,"menu_order":0,"comment_status":"closed","ping_status":"closed","template":"","meta":{"advanced_seo_description":"","jetpack_seo_html_title":"","jetpack_seo_noindex":false,"jetpack_post_was_ever_published":false,"footnotes":""},"class_list":["post-34043","page","type-page","status-publish","hentry"],"jetpack_sharing_enabled":true,"jetpack-related-posts":[],"jetpack_shortlink":"https:\/\/wp.me\/P7pLU0-8R5","_links":{"self":[{"href":"https:\/\/obstetricia.uv.cl\/inicio\/index.php\/wp-json\/wp\/v2\/pages\/34043","targetHints":{"allow":["GET"]}}],"collection":[{"href":"https:\/\/obstetricia.uv.cl\/inicio\/index.php\/wp-json\/wp\/v2\/pages"}],"about":[{"href":"https:\/\/obstetricia.uv.cl\/inicio\/index.php\/wp-json\/wp\/v2\/types\/page"}],"author":[{"embeddable":true,"href":"https:\/\/obstetricia.uv.cl\/inicio\/index.php\/wp-json\/wp\/v2\/users\/2"}],"replies":[{"embeddable":true,"href":"https:\/\/obstetricia.uv.cl\/inicio\/index.php\/wp-json\/wp\/v2\/comments?post=34043"}],"version-history":[{"count":140,"href":"https:\/\/obstetricia.uv.cl\/inicio\/index.php\/wp-json\/wp\/v2\/pages\/34043\/revisions"}],"predecessor-version":[{"id":36308,"href":"https:\/\/obstetricia.uv.cl\/inicio\/index.php\/wp-json\/wp\/v2\/pages\/34043\/revisions\/36308"}],"wp:attachment":[{"href":"https:\/\/obstetricia.uv.cl\/inicio\/index.php\/wp-json\/wp\/v2\/media?parent=34043"}],"curies":[{"name":"wp","href":"https:\/\/api.w.org\/{rel}","templated":true}]}}