{"id":34620,"date":"2024-03-22T10:37:41","date_gmt":"2024-03-22T13:37:41","guid":{"rendered":"https:\/\/obstetricia.uv.cl\/inicio\/?page_id=34620"},"modified":"2024-06-17T09:34:13","modified_gmt":"2024-06-17T13:34:13","slug":"autoridades","status":"publish","type":"page","link":"https:\/\/obstetricia.uv.cl\/inicio\/index.php\/autoridades\/","title":{"rendered":"Autoridades"},"content":{"rendered":"<h1>Autoridades de nuestra Escuela<\/p>\n<\/h1>\n<h1>\n<p>Equipo de Direcci\u00f3n<\/p>\n<\/h1>\n<ul>\n<li>\n<p>        <img decoding=\"async\" src=\"\/inicio\/wp-content\/uploads\/2024\/03\/PaulaO2.png\" alt=\"\"><\/p>\n<div>Paula Oyarz\u00fan Andrades<\/div>\n<p>Directora de Escuela<\/p>\n<\/li>\n<li>\n<p>        <img decoding=\"async\" src=\"\/inicio\/wp-content\/uploads\/2024\/03\/AlejandraM2.png\" alt=\"\"><\/p>\n<div>Alejandra Mu\u00f1oz Moya<\/div>\n<p>Jefe de Carrera &#8211; Casa Central<\/p>\n<\/li>\n<li>\n<p>        <img decoding=\"async\" src=\"\/inicio\/wp-content\/uploads\/2024\/03\/CynthiaC.png\" alt=\"\"><\/p>\n<div>Cynthia Carrasco Carr\u00e9<\/div>\n<p>Jefe de Carrera \u2013 Sede San Felipe<\/p>\n<\/li>\n<li>\n<p>        <img decoding=\"async\" src=\"\/inicio\/wp-content\/uploads\/2024\/03\/IngridV-e1718631210951.png\" alt=\"\"><\/p>\n<div>Ingrid Varghas Stevenson<\/div>\n<p>Directora Post\u00edtulo y Postgrado<\/p>\n<\/li>\n<\/ul>\n<h1>Directoras de Departamento<\/p>\n<\/h1>\n<ul>\n<li>\n<p>        <img decoding=\"async\" src=\"\/inicio\/wp-content\/uploads\/2024\/03\/AntonietaS.png\" alt=\"\"><\/p>\n<div>Ma. Antonieta Silva Mu\u00f1oz<\/div>\n<p>Departamento de Salud Sexual y Reproductiva<\/p>\n<\/li>\n<li>\n<p>        <img decoding=\"async\" src=\"\/inicio\/wp-content\/uploads\/2024\/03\/IngridS.png\" alt=\"\"><\/p>\n<div>Ingrid Sep\u00falveda Canales<\/div>\n<p>Departamento de Salud Fetal y Neonatal<\/p>\n<\/li>\n<li>\n<p>        <img decoding=\"async\" src=\"\/inicio\/wp-content\/uploads\/2024\/03\/MaritzaC.png\" alt=\"\"><\/p>\n<div>Maritza Cofr\u00e9 Conejeros<\/div>\n<p>Departamento de Salud Publica y Comunitaria<\/p>\n<\/li>\n<\/ul>\n<h1>Coordinadores de Comisi\u00f3n<\/p>\n<\/h1>\n<ul>\n<li>\n<p>        <img decoding=\"async\" src=\"\/inicio\/wp-content\/uploads\/2024\/03\/FranciscaA.png\" alt=\"\"><\/p>\n<div>Francisca Aguilar Garc\u00eda<\/div>\n<p>Comisi\u00f3n de Vinculaci\u00f3n con el Medio y Extensi\u00f3n<\/p>\n<\/li>\n<li>\n<p>        <img decoding=\"async\" src=\"\/inicio\/wp-content\/uploads\/2024\/03\/ClaudiaG.png\" alt=\"\"><\/p>\n<div>Claudia Guti\u00e9rrez Mella<\/div>\n<p>Coordinadora de Investigaci\u00f3n y Proyectos<\/p>\n<\/li>\n<li>\n<p>        <img decoding=\"async\" src=\"\/inicio\/wp-content\/uploads\/2024\/03\/NoeliaC.png\" alt=\"\"><\/p>\n<div>Noelia C\u00e1rdenas Gonzalez<\/div>\n<p>Coordinadora Comit\u00e9 permanente de Desarrollo Institucional y Aseguramiento de la Calidad<\/p>\n<\/li>\n<li>\n<p>        <img decoding=\"async\" src=\"\/inicio\/wp-content\/uploads\/2024\/03\/AlejandraM2.png\" alt=\"\"><\/p>\n<div>Alejandra Mu\u00f1oz Moya<\/div>\n<p>Coordinadora Comit\u00e9 Curricular Permanente<\/p>\n<\/li>\n<li>\n<p>        <img decoding=\"async\" src=\"\/inicio\/wp-content\/uploads\/2024\/03\/AndreaV.png\" alt=\"\"><\/p>\n<div>Andrea Vera Abarca<\/div>\n<p>Coordinadora ALUMNI<\/p>\n<\/li>\n<li>\n<p>        <img decoding=\"async\" src=\"\/inicio\/wp-content\/uploads\/2024\/03\/GreisnyA.png\" alt=\"\"><\/p>\n<div>Greisny Azocar Garces<\/div>\n<p>Coordinadora Educaci\u00f3n Continua<\/p>\n<\/li>\n<li>\n<p>        <img decoding=\"async\" src=\"\/inicio\/wp-content\/uploads\/2024\/06\/WhatsApp-Image-2024-06-17-at-09.29.50-e1718631142347.jpeg\" alt=\"\"><\/p>\n<div>Soledad Herrera Tachoires<\/div>\n<p>Consejo de Vinculaci\u00f3n Permanente de Empleadores y Campo Cl\u00ednico<\/p>\n<\/li>\n<li>\n<p>        <img decoding=\"async\" src=\"\/inicio\/wp-content\/uploads\/2024\/03\/SoledadB.png\" alt=\"\"><\/p>\n<div>Soledad Bravo P\u00e9rez<\/div>\n<p>Consejo de Docencia en Simulaci\u00f3n Cl\u00ednica<\/p>\n<\/li>\n<li>\n<p>        <img decoding=\"async\" src=\"\/inicio\/wp-content\/uploads\/2024\/03\/FranciscaR.png\" alt=\"\"><\/p>\n<div>Francisca Rojo Lazo<\/div>\n<p>Coordinadora COLMOPUV<\/p>\n<\/li>\n<li>\n<p>        <img decoding=\"async\" src=\"\/inicio\/wp-content\/uploads\/2024\/03\/ClaudiaV.png\" alt=\"\"><\/p>\n<div>Claudia Vilches Arredondo<\/div>\n<p>Coordinadora COMNAHUV<\/p>\n<\/li>\n<li>\n<p>        <img decoding=\"async\" src=\"\/inicio\/wp-content\/uploads\/2024\/03\/IngridS.png\" alt=\"\"><\/p>\n<div>Ingrid Sep\u00falveda Canales<\/div>\n<p>Coordinadora Campos Cl\u00ednicos | Casa Central<\/p>\n<\/li>\n<li>\n<p>        <img decoding=\"async\" src=\"\/inicio\/wp-content\/uploads\/2024\/03\/MaritzaC.png\" alt=\"\"><\/p>\n<div>Maritza Cofr\u00e9 Conejeros<\/div>\n<p>Coordinadora Campos Cl\u00ednicos | Casa Central<\/p>\n<\/li>\n<li>\n<p>        <img decoding=\"async\" src=\"\/inicio\/wp-content\/uploads\/2024\/06\/WhatsApp-Image-2024-06-11-at-17.44.48-e1718627695808.jpeg\" alt=\"\"><\/p>\n<div>Juan Pablo Flores Beyt\u00eda<\/div>\n<p>Coordinador Campos Cl\u00ednicos | San Felipe<\/p>\n<\/li>\n<li>\n<p>        <img decoding=\"async\" src=\"\/inicio\/wp-content\/uploads\/2024\/03\/PaulaE.png\" alt=\"\"><\/p>\n<div>Paula Eherenfeld Valenzuela<\/div>\n<p>Representante Comit\u00e9 de \u00c9tica Fac. Medicina<\/p>\n<\/li>\n<li>\n<p>        <img decoding=\"async\" src=\"\/inicio\/wp-content\/uploads\/2024\/03\/CristianC.png\" alt=\"\"><\/p>\n<div>Cristian Carre\u00f1o Le\u00f3n<\/div>\n<p>Coordinador ITD<\/p>\n<\/li>\n<\/ul>\n<h1>Revista Matroner\u00eda Actual<\/p>\n<\/h1>\n<ul>\n<li>\n<p>        <img decoding=\"async\" src=\"\/inicio\/wp-content\/uploads\/2024\/03\/IngridV-e1718631210951.png\" alt=\"\"><\/p>\n<div>Ingrid Vargas Stevenson<\/div>\n<p>Directora Revista<\/p>\n<\/li>\n<li>\n<p>        <img decoding=\"async\" src=\"\/inicio\/wp-content\/uploads\/2024\/03\/PaulaO2.png\" alt=\"\"><\/p>\n<div>Paula Oyarz\u00fan Andrades<\/div>\n<p>Editora en Jefe<\/p>\n<\/li>\n<\/ul>\n<p><!--more--><br \/>\n<!-- {\"type\":\"layout\",\"children\":[{\"type\":\"section\",\"props\":{\"style\":\"default\",\"width\":\"default\",\"vertical_align\":\"middle\",\"title_position\":\"top-left\",\"title_rotation\":\"left\",\"title_breakpoint\":\"xl\",\"image_position\":\"center-center\"},\"children\":[{\"type\":\"row\",\"children\":[{\"type\":\"column\",\"props\":{\"position_sticky_breakpoint\":\"m\",\"image_position\":\"center-center\",\"media_overlay_gradient\":\"\"},\"children\":[{\"type\":\"headline\",\"props\":{\"title_element\":\"h1\",\"content\":\"\n\n<p>Autoridades de nuestra Escuela<\\\/p>\",\"title_style\":\"heading-small\",\"title_decoration\":\"line\",\"title_color\":\"background\",\"text_align\":\"center\"}},{\"type\":\"headline\",\"props\":{\"title_element\":\"h1\",\"content\":\"\n\n<p>Equipo de Direcci\\u00f3n<\\\/p>\",\"title_style\":\"heading-small\",\"title_color\":\"primary\",\"text_align\":\"left\"}},{\"name\":\"Grid Center Columns\",\"type\":\"grid\",\"children\":[{\"type\":\"grid_item\",\"props\":{\"image\":\"wp-content\\\/uploads\\\/2024\\\/03\\\/PaulaO2.png\",\"meta\":\"Directora de Escuela\",\"title\":\"Paula Oyarz\\u00fan Andrades\"}},{\"type\":\"grid_item\",\"props\":{\"image\":\"wp-content\\\/uploads\\\/2024\\\/03\\\/AlejandraM2.png\",\"meta\":\"Jefe de Carrera - Casa Central\",\"title\":\"Alejandra Mu\\u00f1oz Moya\"}},{\"type\":\"grid_item\",\"props\":{\"image\":\"wp-content\\\/uploads\\\/2024\\\/03\\\/CynthiaC.png\",\"meta\":\"Jefe de Carrera \\u2013 Sede San Felipe\",\"title\":\"Cynthia Carrasco Carr\\u00e9\"}},{\"type\":\"grid_item\",\"props\":{\"image\":\"wp-content\\\/uploads\\\/2024\\\/03\\\/IngridV-e1718631210951.png\",\"meta\":\"Directora Post\\u00edtulo y Postgrado\",\"title\":\"Ingrid Varghas Stevenson\"}}],\"props\":{\"block_align\":\"center\",\"content_column_breakpoint\":\"m\",\"filter_align\":\"left\",\"filter_all\":true,\"filter_grid_breakpoint\":\"m\",\"filter_grid_width\":\"auto\",\"filter_position\":\"top\",\"filter_style\":\"tab\",\"grid_column_align\":true,\"grid_column_gap\":\"large\",\"grid_default\":\"1\",\"grid_medium\":\"4\",\"grid_row_gap\":\"large\",\"grid_small\":\"2\",\"icon_width\":80,\"image_align\":\"top\",\"image_border\":\"circle\",\"image_grid_breakpoint\":\"m\",\"image_grid_width\":\"1-2\",\"image_svg_color\":\"emphasis\",\"image_width\":\"350\",\"item_animation\":true,\"link_style\":\"default\",\"link_text\":\"Read more\",\"margin\":\"\",\"meta_align\":\"below-title\",\"meta_color\":\"muted\",\"meta_element\":\"div\",\"meta_margin\":\"remove\",\"meta_style\":\"h5\",\"parallax_easing\":\"1\",\"show_content\":true,\"show_image\":true,\"show_link\":true,\"show_meta\":true,\"show_title\":true,\"text_align\":\"center\",\"title_align\":\"top\",\"title_element\":\"div\",\"title_grid_breakpoint\":\"m\",\"title_grid_width\":\"1-2\",\"title_hover_style\":\"reset\"}},{\"type\":\"headline\",\"props\":{\"title_element\":\"h1\",\"content\":\"\n\n<p>Directoras de Departamento<\\\/p>\",\"title_style\":\"heading-small\",\"title_color\":\"primary\",\"text_align\":\"left\"}},{\"name\":\"Grid Center Columns\",\"type\":\"grid\",\"children\":[{\"type\":\"grid_item\",\"props\":{\"image\":\"wp-content\\\/uploads\\\/2024\\\/03\\\/AntonietaS.png\",\"meta\":\"Departamento de Salud Sexual y Reproductiva\",\"title\":\"Ma. Antonieta Silva Mu\\u00f1oz\"}},{\"type\":\"grid_item\",\"props\":{\"image\":\"wp-content\\\/uploads\\\/2024\\\/03\\\/IngridS.png\",\"meta\":\"Departamento de Salud Fetal y Neonatal\",\"title\":\"Ingrid Sep\\u00falveda Canales\"}},{\"type\":\"grid_item\",\"props\":{\"image\":\"wp-content\\\/uploads\\\/2024\\\/03\\\/MaritzaC.png\",\"meta\":\"Departamento de Salud Publica y Comunitaria\",\"title\":\"Maritza Cofr\\u00e9 Conejeros\"}}],\"props\":{\"block_align\":\"center\",\"content_column_breakpoint\":\"m\",\"filter_align\":\"left\",\"filter_all\":true,\"filter_grid_breakpoint\":\"m\",\"filter_grid_width\":\"auto\",\"filter_position\":\"top\",\"filter_style\":\"tab\",\"grid_column_align\":true,\"grid_column_gap\":\"large\",\"grid_default\":\"1\",\"grid_medium\":\"4\",\"grid_row_gap\":\"large\",\"grid_small\":\"2\",\"icon_width\":80,\"image_align\":\"top\",\"image_border\":\"circle\",\"image_grid_breakpoint\":\"m\",\"image_grid_width\":\"1-2\",\"image_svg_color\":\"emphasis\",\"image_width\":\"350\",\"item_animation\":true,\"link_style\":\"default\",\"link_text\":\"Read more\",\"margin\":\"\",\"meta_align\":\"below-title\",\"meta_color\":\"muted\",\"meta_element\":\"div\",\"meta_margin\":\"remove\",\"meta_style\":\"h5\",\"parallax_easing\":\"1\",\"show_content\":true,\"show_image\":true,\"show_link\":true,\"show_meta\":true,\"show_title\":true,\"text_align\":\"center\",\"title_align\":\"top\",\"title_element\":\"div\",\"title_grid_breakpoint\":\"m\",\"title_grid_width\":\"1-2\",\"title_hover_style\":\"reset\"}},{\"type\":\"headline\",\"props\":{\"title_element\":\"h1\",\"content\":\"\n\n<p>Coordinadores de Comisi\\u00f3n<\\\/p>\",\"title_style\":\"heading-small\",\"title_color\":\"primary\",\"text_align\":\"left\"}},{\"name\":\"Grid Center Columns\",\"type\":\"grid\",\"children\":[{\"type\":\"grid_item\",\"props\":{\"image\":\"wp-content\\\/uploads\\\/2024\\\/03\\\/FranciscaA.png\",\"meta\":\"Comisi\\u00f3n de Vinculaci\\u00f3n con el Medio y Extensi\\u00f3n\",\"title\":\"Francisca Aguilar Garc\\u00eda\"}},{\"type\":\"grid_item\",\"props\":{\"image\":\"wp-content\\\/uploads\\\/2024\\\/03\\\/ClaudiaG.png\",\"meta\":\"Coordinadora de Investigaci\\u00f3n y Proyectos\",\"title\":\"Claudia Guti\\u00e9rrez Mella\"}},{\"type\":\"grid_item\",\"props\":{\"image\":\"wp-content\\\/uploads\\\/2024\\\/03\\\/NoeliaC.png\",\"meta\":\"Coordinadora Comit\\u00e9 permanente de Desarrollo Institucional y Aseguramiento de la Calidad\",\"title\":\"Noelia C\\u00e1rdenas Gonzalez\"}},{\"type\":\"grid_item\",\"props\":{\"image\":\"wp-content\\\/uploads\\\/2024\\\/03\\\/AlejandraM2.png\",\"meta\":\"Coordinadora Comit\\u00e9 Curricular Permanente\",\"title\":\"Alejandra Mu\\u00f1oz Moya\"}},{\"type\":\"grid_item\",\"props\":{\"image\":\"wp-content\\\/uploads\\\/2024\\\/03\\\/AndreaV.png\",\"meta\":\"Coordinadora ALUMNI\",\"title\":\"Andrea Vera Abarca\"}},{\"type\":\"grid_item\",\"props\":{\"image\":\"wp-content\\\/uploads\\\/2024\\\/03\\\/GreisnyA.png\",\"meta\":\"Coordinadora Educaci\\u00f3n Continua\",\"title\":\"Greisny Azocar Garces\"}},{\"type\":\"grid_item\",\"props\":{\"image\":\"wp-content\\\/uploads\\\/2024\\\/06\\\/WhatsApp-Image-2024-06-17-at-09.29.50-e1718631142347.jpeg\",\"meta\":\"Consejo de Vinculaci\\u00f3n Permanente de Empleadores y Campo Cl\\u00ednico\",\"title\":\"Soledad Herrera Tachoires\"}},{\"type\":\"grid_item\",\"props\":{\"image\":\"wp-content\\\/uploads\\\/2024\\\/03\\\/SoledadB.png\",\"meta\":\"Consejo de Docencia en Simulaci\\u00f3n Cl\\u00ednica\",\"title\":\"Soledad Bravo P\\u00e9rez\"}},{\"type\":\"grid_item\",\"props\":{\"image\":\"wp-content\\\/uploads\\\/2024\\\/03\\\/FranciscaR.png\",\"meta\":\"Coordinadora COLMOPUV\",\"title\":\"Francisca Rojo Lazo\"}},{\"type\":\"grid_item\",\"props\":{\"image\":\"wp-content\\\/uploads\\\/2024\\\/03\\\/ClaudiaV.png\",\"meta\":\"Coordinadora COMNAHUV\",\"title\":\"Claudia Vilches Arredondo\"}},{\"type\":\"grid_item\",\"props\":{\"image\":\"wp-content\\\/uploads\\\/2024\\\/03\\\/IngridS.png\",\"meta\":\"Coordinadora Campos Cl\\u00ednicos | Casa Central\",\"title\":\"Ingrid Sep\\u00falveda Canales\"}},{\"type\":\"grid_item\",\"props\":{\"image\":\"wp-content\\\/uploads\\\/2024\\\/03\\\/MaritzaC.png\",\"meta\":\"Coordinadora Campos Cl\\u00ednicos | Casa Central\",\"title\":\"Maritza Cofr\\u00e9 Conejeros\"}},{\"type\":\"grid_item\",\"props\":{\"title\":\"Juan Pablo Flores Beyt\\u00eda\",\"image\":\"wp-content\\\/uploads\\\/2024\\\/06\\\/WhatsApp-Image-2024-06-11-at-17.44.48-e1718627695808.jpeg\",\"meta\":\"Coordinador Campos Cl\\u00ednicos | San Felipe\"}},{\"type\":\"grid_item\",\"props\":{\"image\":\"wp-content\\\/uploads\\\/2024\\\/03\\\/PaulaE.png\",\"meta\":\"Representante Comit\\u00e9 de \\u00c9tica Fac. Medicina\",\"title\":\"Paula Eherenfeld Valenzuela\"}},{\"type\":\"grid_item\",\"props\":{\"image\":\"wp-content\\\/uploads\\\/2024\\\/03\\\/CristianC.png\",\"meta\":\"Coordinador ITD\",\"title\":\"Cristian Carre\\u00f1o Le\\u00f3n\"}}],\"props\":{\"block_align\":\"center\",\"content_column_breakpoint\":\"m\",\"filter_align\":\"left\",\"filter_all\":true,\"filter_grid_breakpoint\":\"m\",\"filter_grid_width\":\"auto\",\"filter_position\":\"top\",\"filter_style\":\"tab\",\"grid_column_align\":true,\"grid_column_gap\":\"large\",\"grid_default\":\"3\",\"grid_medium\":\"5\",\"grid_row_gap\":\"small\",\"grid_small\":\"4\",\"icon_width\":80,\"image_align\":\"top\",\"image_border\":\"circle\",\"image_grid_breakpoint\":\"m\",\"image_grid_width\":\"1-2\",\"image_svg_color\":\"emphasis\",\"image_width\":\"350\",\"item_animation\":true,\"link_style\":\"default\",\"link_text\":\"Read more\",\"margin\":\"\",\"meta_align\":\"below-title\",\"meta_color\":\"muted\",\"meta_element\":\"div\",\"meta_margin\":\"remove\",\"meta_style\":\"h5\",\"parallax_easing\":\"1\",\"show_content\":true,\"show_image\":true,\"show_link\":true,\"show_meta\":true,\"show_title\":true,\"text_align\":\"center\",\"title_align\":\"top\",\"title_element\":\"div\",\"title_grid_breakpoint\":\"m\",\"title_grid_width\":\"1-2\",\"title_hover_style\":\"reset\",\"image_box_shadow\":\"small\"}},{\"type\":\"headline\",\"props\":{\"title_element\":\"h1\",\"content\":\"\n\n<p>Revista Matroner\\u00eda Actual<\\\/p>\",\"title_style\":\"heading-small\",\"title_color\":\"primary\",\"text_align\":\"left\"}},{\"name\":\"Grid Center Columns\",\"type\":\"grid\",\"children\":[{\"type\":\"grid_item\",\"props\":{\"image\":\"wp-content\\\/uploads\\\/2024\\\/03\\\/IngridV-e1718631210951.png\",\"meta\":\"Directora Revista\",\"title\":\"Ingrid Vargas Stevenson\"}},{\"type\":\"grid_item\",\"props\":{\"image\":\"wp-content\\\/uploads\\\/2024\\\/03\\\/PaulaO2.png\",\"meta\":\"Editora en Jefe\",\"title\":\"Paula Oyarz\\u00fan Andrades\"}}],\"props\":{\"block_align\":\"center\",\"content_column_breakpoint\":\"m\",\"filter_align\":\"left\",\"filter_all\":true,\"filter_grid_breakpoint\":\"m\",\"filter_grid_width\":\"auto\",\"filter_position\":\"top\",\"filter_style\":\"tab\",\"grid_column_align\":true,\"grid_column_gap\":\"large\",\"grid_default\":\"3\",\"grid_medium\":\"5\",\"grid_row_gap\":\"small\",\"grid_small\":\"4\",\"icon_width\":80,\"image_align\":\"top\",\"image_border\":\"circle\",\"image_grid_breakpoint\":\"m\",\"image_grid_width\":\"1-2\",\"image_svg_color\":\"emphasis\",\"image_width\":\"350\",\"item_animation\":true,\"link_style\":\"default\",\"link_text\":\"Read more\",\"margin\":\"\",\"meta_align\":\"below-title\",\"meta_color\":\"muted\",\"meta_element\":\"div\",\"meta_margin\":\"remove\",\"meta_style\":\"h5\",\"parallax_easing\":\"1\",\"show_content\":true,\"show_image\":true,\"show_link\":true,\"show_meta\":true,\"show_title\":true,\"text_align\":\"center\",\"title_align\":\"top\",\"title_element\":\"div\",\"title_grid_breakpoint\":\"m\",\"title_grid_width\":\"1-2\",\"title_hover_style\":\"reset\",\"image_box_shadow\":\"small\"}}]}]}]}],\"version\":\"3.0.7\"} --><\/p>\n","protected":false},"excerpt":{"rendered":"<p>Autoridades de nuestra Escuela Equipo de Direcci\u00f3n Paula Oyarz\u00fan Andrades Directora de Escuela Alejandra Mu\u00f1oz Moya Jefe de Carrera &#8211; Casa Central Cynthia Carrasco Carr\u00e9 Jefe de Carrera \u2013 Sede San Felipe Ingrid Varghas Stevenson Directora Post\u00edtulo y Postgrado Directoras de Departamento Ma. Antonieta Silva Mu\u00f1oz Departamento de Salud Sexual y Reproductiva Ingrid Sep\u00falveda Canales [&hellip;]<\/p>\n","protected":false},"author":2,"featured_media":0,"parent":0,"menu_order":0,"comment_status":"closed","ping_status":"closed","template":"","meta":{"advanced_seo_description":"","jetpack_seo_html_title":"","jetpack_seo_noindex":false,"jetpack_post_was_ever_published":false,"footnotes":""},"class_list":["post-34620","page","type-page","status-publish","hentry"],"jetpack_sharing_enabled":true,"jetpack-related-posts":[],"jetpack_shortlink":"https:\/\/wp.me\/P7pLU0-90o","_links":{"self":[{"href":"https:\/\/obstetricia.uv.cl\/inicio\/index.php\/wp-json\/wp\/v2\/pages\/34620","targetHints":{"allow":["GET"]}}],"collection":[{"href":"https:\/\/obstetricia.uv.cl\/inicio\/index.php\/wp-json\/wp\/v2\/pages"}],"about":[{"href":"https:\/\/obstetricia.uv.cl\/inicio\/index.php\/wp-json\/wp\/v2\/types\/page"}],"author":[{"embeddable":true,"href":"https:\/\/obstetricia.uv.cl\/inicio\/index.php\/wp-json\/wp\/v2\/users\/2"}],"replies":[{"embeddable":true,"href":"https:\/\/obstetricia.uv.cl\/inicio\/index.php\/wp-json\/wp\/v2\/comments?post=34620"}],"version-history":[{"count":25,"href":"https:\/\/obstetricia.uv.cl\/inicio\/index.php\/wp-json\/wp\/v2\/pages\/34620\/revisions"}],"predecessor-version":[{"id":34759,"href":"https:\/\/obstetricia.uv.cl\/inicio\/index.php\/wp-json\/wp\/v2\/pages\/34620\/revisions\/34759"}],"wp:attachment":[{"href":"https:\/\/obstetricia.uv.cl\/inicio\/index.php\/wp-json\/wp\/v2\/media?parent=34620"}],"curies":[{"name":"wp","href":"https:\/\/api.w.org\/{rel}","templated":true}]}}