{"id":36011,"date":"2025-10-13T11:20:10","date_gmt":"2025-10-13T14:20:10","guid":{"rendered":"https:\/\/obstetricia.uv.cl\/inicio\/?page_id=36011"},"modified":"2025-10-13T11:24:02","modified_gmt":"2025-10-13T14:24:02","slug":"calculadora-obstetrica-uv-privacidad","status":"publish","type":"page","link":"https:\/\/obstetricia.uv.cl\/inicio\/index.php\/calculadora-obstetrica-uv\/calculadora-obstetrica-uv-privacidad\/","title":{"rendered":"C\u00e1lculadora Obst\u00e9trica UV &#8211; Privacidad"},"content":{"rendered":"<h1>Calculadora Obst\u00e9trica UV<\/h1>\n<p><img decoding=\"async\" src=\"\/inicio\/wp-content\/uploads\/2025\/10\/launcher_icon.png\" alt=\"\"><\/p>\n<div>\n<p>    <iframe loading=\"lazy\" src=\"https:\/\/obstetricia.uv.cl\/inicio\/wp-content\/uploads\/2025\/10\/privacy.html\" width=\"100%\" height=\"1800px\"><\/iframe>\n<\/div>\n<p><!--more--><br \/>\n<!-- {\"type\":\"layout\",\"children\":[{\"type\":\"section\",\"props\":{\"style\":\"default\",\"width\":\"default\",\"vertical_align\":\"middle\",\"title_position\":\"top-left\",\"title_rotation\":\"left\",\"title_breakpoint\":\"xl\",\"image_position\":\"center-center\"},\"children\":[{\"type\":\"row\",\"children\":[{\"type\":\"column\",\"props\":{\"position_sticky_breakpoint\":\"m\",\"image_position\":\"center-center\",\"media_overlay_gradient\":\"\"},\"children\":[{\"type\":\"headline\",\"props\":{\"title_element\":\"h1\",\"content\":\"Calculadora Obst\\u00e9trica UV\",\"title_style\":\"heading-medium\",\"title_color\":\"background\",\"text_align\":\"center\"}},{\"type\":\"image\",\"props\":{\"margin\":\"default\",\"image_svg_color\":\"emphasis\",\"image\":\"wp-content\\\/uploads\\\/2025\\\/10\\\/launcher_icon.png\",\"image_width\":\"70%\",\"text_align\":\"center\"}},{\"type\":\"html\",\"props\":{\"content\":\"<iframe src=\\\"https:\\\/\\\/obstetricia.uv.cl\\\/inicio\\\/wp-content\\\/uploads\\\/2025\\\/10\\\/privacy.html\\\" width=\\\"100%\\\" height=\\\"1800px\\\"><\\\/iframe>\"}}]}]}]}],\"version\":\"3.0.7\"} --><\/p>\n","protected":false},"excerpt":{"rendered":"<p>Calculadora Obst\u00e9trica UV<\/p>\n","protected":false},"author":2,"featured_media":0,"parent":35989,"menu_order":0,"comment_status":"closed","ping_status":"closed","template":"","meta":{"advanced_seo_description":"","jetpack_seo_html_title":"","jetpack_seo_noindex":false,"jetpack_post_was_ever_published":false,"footnotes":""},"class_list":["post-36011","page","type-page","status-publish","hentry"],"jetpack_sharing_enabled":true,"jetpack-related-posts":[],"jetpack_shortlink":"https:\/\/wp.me\/P7pLU0-9mP","_links":{"self":[{"href":"https:\/\/obstetricia.uv.cl\/inicio\/index.php\/wp-json\/wp\/v2\/pages\/36011","targetHints":{"allow":["GET"]}}],"collection":[{"href":"https:\/\/obstetricia.uv.cl\/inicio\/index.php\/wp-json\/wp\/v2\/pages"}],"about":[{"href":"https:\/\/obstetricia.uv.cl\/inicio\/index.php\/wp-json\/wp\/v2\/types\/page"}],"author":[{"embeddable":true,"href":"https:\/\/obstetricia.uv.cl\/inicio\/index.php\/wp-json\/wp\/v2\/users\/2"}],"replies":[{"embeddable":true,"href":"https:\/\/obstetricia.uv.cl\/inicio\/index.php\/wp-json\/wp\/v2\/comments?post=36011"}],"version-history":[{"count":3,"href":"https:\/\/obstetricia.uv.cl\/inicio\/index.php\/wp-json\/wp\/v2\/pages\/36011\/revisions"}],"predecessor-version":[{"id":36015,"href":"https:\/\/obstetricia.uv.cl\/inicio\/index.php\/wp-json\/wp\/v2\/pages\/36011\/revisions\/36015"}],"up":[{"embeddable":true,"href":"https:\/\/obstetricia.uv.cl\/inicio\/index.php\/wp-json\/wp\/v2\/pages\/35989"}],"wp:attachment":[{"href":"https:\/\/obstetricia.uv.cl\/inicio\/index.php\/wp-json\/wp\/v2\/media?parent=36011"}],"curies":[{"name":"wp","href":"https:\/\/api.w.org\/{rel}","templated":true}]}}